{"id":994,"date":"2016-03-27T02:12:34","date_gmt":"2016-03-27T00:12:34","guid":{"rendered":"http:\/\/www.panpagan.com\/forum_neu\/ppwp\/?page_id=994"},"modified":"2016-03-27T02:12:34","modified_gmt":"2016-03-27T00:12:34","slug":"ueber-sicht-tanz-des-gruenen-mannes","status":"publish","type":"page","link":"https:\/\/www.panpagan.com\/forum_neu\/ppwp\/ueber-sicht-tanz-des-gruenen-mannes\/","title":{"rendered":"\u00dcber-Sicht Tanz des Gr\u00fcnen Mannes"},"content":{"rendered":"<p>Die spirituelle Reise der M\u00e4nner hin zu ihren Mysterien, zu ihrer Magie und ihrer Spiritualit\u00e4t, frei von Vorgaben, Zw\u00e4ngen und Regeln der abrahaminischen Religionen hat grade erst begonnen.<br \/>\nHier findet Ihr Artikel zu den Themen.<\/p>\n<hr \/>\n<p>&nbsp;<\/p>\n","protected":false},"excerpt":{"rendered":"<p>Die spirituelle Reise der M\u00e4nner hin zu ihren Mysterien, zu ihrer Magie und ihrer Spiritualit\u00e4t, frei von Vorgaben, Zw\u00e4ngen und Regeln der abrahaminischen Religionen hat grade erst begonnen. Hier findet Ihr Artikel zu den Themen. &nbsp;<\/p>\n","protected":false},"author":1,"featured_media":995,"parent":0,"menu_order":0,"comment_status":"closed","ping_status":"closed","template":"","meta":{"jetpack_post_was_ever_published":false,"footnotes":""},"class_list":["post-994","page","type-page","status-publish","has-post-thumbnail","hentry"],"jetpack_sharing_enabled":true,"jetpack_shortlink":"https:\/\/wp.me\/P55jil-g2","jetpack_likes_enabled":true,"jetpack-related-posts":[{"id":1098,"url":"https:\/\/www.panpagan.com\/forum_neu\/ppwp\/ueber-uns\/autorinnen-und-rubrikenbetreuerinnen-des-blogs\/","url_meta":{"origin":994,"position":0},"title":"AutorInnen und RubrikenbetreuerInnen des Blogs","author":"Redaktion","date":"22. Januar 2017","format":false,"excerpt":"Hier findet Ihr (kurze) Vorstellung unserer AutorInnen und RubrikenbetreuerInnen. Siat Ich bin seit 2003 im Internet und der heidnischen \"Szene\" unterwegs, und betreibe zusammen mit meinem Mann StarFire das PanPagan-Forum.\u00a0 Vorher war ich eine kurze Weile im Mutterforum Paganforum als Moderatorin aktiv. Ich bin Reiki-Meisterin (Usui-Reiki), und verdiene mein t\u00e4gliches\u2026","rel":"","context":"\u00c4hnlicher Beitrag","block_context":{"text":"\u00c4hnlicher Beitrag","link":""},"img":{"alt_text":"","src":"https:\/\/i0.wp.com\/www.panpagan.com\/forum_neu\/ppwp\/wp-content\/uploads\/2017\/01\/DannyExamen3.jpg?resize=350%2C200&ssl=1","width":350,"height":200,"srcset":"https:\/\/i0.wp.com\/www.panpagan.com\/forum_neu\/ppwp\/wp-content\/uploads\/2017\/01\/DannyExamen3.jpg?resize=350%2C200&ssl=1 1x, https:\/\/i0.wp.com\/www.panpagan.com\/forum_neu\/ppwp\/wp-content\/uploads\/2017\/01\/DannyExamen3.jpg?resize=525%2C300&ssl=1 1.5x, https:\/\/i0.wp.com\/www.panpagan.com\/forum_neu\/ppwp\/wp-content\/uploads\/2017\/01\/DannyExamen3.jpg?resize=700%2C400&ssl=1 2x"},"classes":[]},{"id":1014,"url":"https:\/\/www.panpagan.com\/forum_neu\/ppwp\/ueber-sicht-im-schatten-der-eiche\/","url_meta":{"origin":994,"position":1},"title":"\u00dcber-Sicht Im Schatten der Eiche","author":"admin101","date":"27. M\u00e4rz 2016","format":false,"excerpt":"Die Eiche, so erz\u00e4hlt man, ist eine der hochverehrtesten B\u00e4ume der keltischen St\u00e4mme, sowohl auf dem Festland als auch auf den Inseln Britanniens und Irlands. In ihren Hainen sollen Druiden ihre Rituale gehalten und ihren G\u00f6ttern und G\u00f6ttinnen geopfert haben. Wir laden Euch ein, Euch im Schatten der Eiche nieder\u2026","rel":"","context":"\u00c4hnlicher Beitrag","block_context":{"text":"\u00c4hnlicher Beitrag","link":""},"img":{"alt_text":"","src":"https:\/\/i0.wp.com\/www.panpagan.com\/forum_neu\/ppwp\/wp-content\/uploads\/2016\/03\/100_7174-e1459079214642.jpg?resize=350%2C200&ssl=1","width":350,"height":200,"srcset":"https:\/\/i0.wp.com\/www.panpagan.com\/forum_neu\/ppwp\/wp-content\/uploads\/2016\/03\/100_7174-e1459079214642.jpg?resize=350%2C200&ssl=1 1x, https:\/\/i0.wp.com\/www.panpagan.com\/forum_neu\/ppwp\/wp-content\/uploads\/2016\/03\/100_7174-e1459079214642.jpg?resize=525%2C300&ssl=1 1.5x, https:\/\/i0.wp.com\/www.panpagan.com\/forum_neu\/ppwp\/wp-content\/uploads\/2016\/03\/100_7174-e1459079214642.jpg?resize=700%2C400&ssl=1 2x, https:\/\/i0.wp.com\/www.panpagan.com\/forum_neu\/ppwp\/wp-content\/uploads\/2016\/03\/100_7174-e1459079214642.jpg?resize=1050%2C600&ssl=1 3x, https:\/\/i0.wp.com\/www.panpagan.com\/forum_neu\/ppwp\/wp-content\/uploads\/2016\/03\/100_7174-e1459079214642.jpg?resize=1400%2C800&ssl=1 4x"},"classes":[]},{"id":48,"url":"https:\/\/www.panpagan.com\/forum_neu\/ppwp\/netzwerk\/","url_meta":{"origin":994,"position":2},"title":"Netzwerk","author":"PanPagan-Team","date":"21. September 2014","format":false,"excerpt":"Neben den Kontaktm\u00f6glichkeiten im Forum m\u00f6chten wir gerne eine M\u00f6glichkeit anbieten, ein Netzwerk zu kn\u00fcpfen. Was Ihr daf\u00fcr tun m\u00fcsst, ist ganz einfach: Unsere Forenregeln und ANB\u00b4s durchlesen, da diese auch f\u00fcr dieses Blog gelten! Uns eine Nachricht \u00fcber eine der im Impressum erw\u00e4hnten M\u00f6glichkeiten oder \u00fcber Facebook zukommen lassen,\u2026","rel":"","context":"\u00c4hnlicher Beitrag","block_context":{"text":"\u00c4hnlicher Beitrag","link":""},"img":{"alt_text":"","src":"https:\/\/i0.wp.com\/geistertrommel.de\/trommel\/bilder\/geisterrommelhand.jpg?resize=350%2C200","width":350,"height":200},"classes":[]},{"id":13,"url":"https:\/\/www.panpagan.com\/forum_neu\/ppwp\/impressum-disclaimer\/","url_meta":{"origin":994,"position":3},"title":"Impressum, Disclaimer &#038; Urheberrecht","author":"PanPagan-Team","date":"20. September 2014","format":false,"excerpt":"\u00a0Verantworlich f\u00fcr diese Seite: Webmaster: Heiko Humbert (StarFire) Admin: Daniela Humbert (Siat) Salzstra\u00dfe 8 D-90763 F\u00fcrth Kontakt: E-Mail-Adresse: kontakt@panpagan.com Telefon: +49 (0) 911 - 745026 PanPagan-Forum Facebook Urheberrecht Die Inhalte dieser Internetpr\u00e4senz sind urheberrechtlich gesch\u00fctzt und d\u00fcrfen nur nach vorheriger R\u00fccksprache per eMail und unter Nennung des entsprechenden Nicks (auch\u2026","rel":"","context":"\u00c4hnlicher Beitrag","block_context":{"text":"\u00c4hnlicher Beitrag","link":""},"img":{"alt_text":"","src":"","width":0,"height":0},"classes":[]},{"id":1000,"url":"https:\/\/www.panpagan.com\/forum_neu\/ppwp\/ueber-sicht-schamanenwelt\/","url_meta":{"origin":994,"position":4},"title":"\u00dcber-Sicht Schamanenwelt","author":"admin101","date":"27. M\u00e4rz 2016","format":false,"excerpt":"Der oder die Schamane_In ist ein Wanderer zwischen den Welten. Ein_e Reisende_r zwischen der diesseitigen und den jenseitigen Welten, begleitet von anderweltlichen Verb\u00fcndeten, um verschiedenste Aufgaben zu meistern. Der Schamanismus ist eine der \u00e4ltesten und urspr\u00fcnglichsten Formen der Spiritualit\u00e4t und ja, auch der (ganzheitlichen) Heilung, und findet sich in unterschiedlichsten\u2026","rel":"","context":"\u00c4hnlicher Beitrag","block_context":{"text":"\u00c4hnlicher Beitrag","link":""},"img":{"alt_text":"","src":"https:\/\/i0.wp.com\/www.panpagan.com\/forum_neu\/ppwp\/wp-content\/uploads\/2016\/03\/representation-of-the-Tengriist.jpg?resize=350%2C200&ssl=1","width":350,"height":200,"srcset":"https:\/\/i0.wp.com\/www.panpagan.com\/forum_neu\/ppwp\/wp-content\/uploads\/2016\/03\/representation-of-the-Tengriist.jpg?resize=350%2C200&ssl=1 1x, https:\/\/i0.wp.com\/www.panpagan.com\/forum_neu\/ppwp\/wp-content\/uploads\/2016\/03\/representation-of-the-Tengriist.jpg?resize=525%2C300&ssl=1 1.5x"},"classes":[]},{"id":1007,"url":"https:\/\/www.panpagan.com\/forum_neu\/ppwp\/ueber-sicht-yggdrasils-stamm\/","url_meta":{"origin":994,"position":5},"title":"\u00dcber-Sicht Yggdrasils Stamm","author":"admin101","date":"27. M\u00e4rz 2016","format":false,"excerpt":"Der Weltenbraum Yggrasil, mal als Eibe, als Esche oder gar als Eiche gedacht, ist das zentrale Motiv der nordischen Kosmogenie. Er bildet die Verbindung zwischen der Unterwelt, der Welt der Menschen und die Welt der G\u00f6tter. Ist Sitz der kriegerischen Asen und der weisen Vanen. An seinen Wurzeln, findet man\u2026","rel":"","context":"\u00c4hnlicher Beitrag","block_context":{"text":"\u00c4hnlicher Beitrag","link":""},"img":{"alt_text":"","src":"https:\/\/i0.wp.com\/www.panpagan.com\/forum_neu\/ppwp\/wp-content\/uploads\/2016\/03\/NK-077_Eibe_NK_10.jpg?resize=350%2C200&ssl=1","width":350,"height":200,"srcset":"https:\/\/i0.wp.com\/www.panpagan.com\/forum_neu\/ppwp\/wp-content\/uploads\/2016\/03\/NK-077_Eibe_NK_10.jpg?resize=350%2C200&ssl=1 1x, https:\/\/i0.wp.com\/www.panpagan.com\/forum_neu\/ppwp\/wp-content\/uploads\/2016\/03\/NK-077_Eibe_NK_10.jpg?resize=525%2C300&ssl=1 1.5x, https:\/\/i0.wp.com\/www.panpagan.com\/forum_neu\/ppwp\/wp-content\/uploads\/2016\/03\/NK-077_Eibe_NK_10.jpg?resize=700%2C400&ssl=1 2x, https:\/\/i0.wp.com\/www.panpagan.com\/forum_neu\/ppwp\/wp-content\/uploads\/2016\/03\/NK-077_Eibe_NK_10.jpg?resize=1050%2C600&ssl=1 3x, https:\/\/i0.wp.com\/www.panpagan.com\/forum_neu\/ppwp\/wp-content\/uploads\/2016\/03\/NK-077_Eibe_NK_10.jpg?resize=1400%2C800&ssl=1 4x"},"classes":[]}],"_links":{"self":[{"href":"https:\/\/www.panpagan.com\/forum_neu\/ppwp\/wp-json\/wp\/v2\/pages\/994","targetHints":{"allow":["GET"]}}],"collection":[{"href":"https:\/\/www.panpagan.com\/forum_neu\/ppwp\/wp-json\/wp\/v2\/pages"}],"about":[{"href":"https:\/\/www.panpagan.com\/forum_neu\/ppwp\/wp-json\/wp\/v2\/types\/page"}],"author":[{"embeddable":true,"href":"https:\/\/www.panpagan.com\/forum_neu\/ppwp\/wp-json\/wp\/v2\/users\/1"}],"replies":[{"embeddable":true,"href":"https:\/\/www.panpagan.com\/forum_neu\/ppwp\/wp-json\/wp\/v2\/comments?post=994"}],"version-history":[{"count":2,"href":"https:\/\/www.panpagan.com\/forum_neu\/ppwp\/wp-json\/wp\/v2\/pages\/994\/revisions"}],"predecessor-version":[{"id":997,"href":"https:\/\/www.panpagan.com\/forum_neu\/ppwp\/wp-json\/wp\/v2\/pages\/994\/revisions\/997"}],"wp:featuredmedia":[{"embeddable":true,"href":"https:\/\/www.panpagan.com\/forum_neu\/ppwp\/wp-json\/wp\/v2\/media\/995"}],"wp:attachment":[{"href":"https:\/\/www.panpagan.com\/forum_neu\/ppwp\/wp-json\/wp\/v2\/media?parent=994"}],"curies":[{"name":"wp","href":"https:\/\/api.w.org\/{rel}","templated":true}]}}