{"id":854,"date":"2015-06-28T02:28:02","date_gmt":"2015-06-28T00:28:02","guid":{"rendered":"http:\/\/www.panpagan.com\/forum_neu\/ppwp\/?page_id=854"},"modified":"2015-06-28T02:49:25","modified_gmt":"2015-06-28T00:49:25","slug":"ueber-sicht-3","status":"publish","type":"page","link":"https:\/\/www.panpagan.com\/forum_neu\/ppwp\/ueber-sicht-3\/","title":{"rendered":"\u00dcber-Sicht Kelch und Stab"},"content":{"rendered":"<p>Wicca ist eine relativ junge heidnische Religion, die in den 1950ger Jahren von Gerald B. Gardner begr\u00fcndet wurde, und heute zur Gruppe der am st\u00e4rksten wachsenden Religionen geh\u00f6rt.<br \/>\nEng Verbunden mit Wicca ist das Hexentum, auch wenn nicht jede\/r Wicca gleich Hexe\/r und vor allen Dingen nicht jede\/r Hexe\/r gleich Wicca ist.<br \/>\nIn dieser Rubrik findet Ihr alle Artikel, die sich mit Wicca und dem Hexentum besch\u00e4ftigen.<\/p>\n<hr \/>\n<p>&nbsp;<\/p>\n","protected":false},"excerpt":{"rendered":"<p>Wicca ist eine relativ junge heidnische Religion, die in den 1950ger Jahren von Gerald B. Gardner begr\u00fcndet wurde, und heute zur Gruppe der am st\u00e4rksten wachsenden Religionen geh\u00f6rt. Eng Verbunden mit Wicca ist das Hexentum, auch wenn nicht jede\/r Wicca gleich Hexe\/r und vor allen Dingen nicht jede\/r Hexe\/r gleich Wicca ist. In dieser Rubrik &hellip; <a href=\"https:\/\/www.panpagan.com\/forum_neu\/ppwp\/ueber-sicht-3\/\" class=\"more-link\"><span class=\"screen-reader-text\">\u00dcber-Sicht Kelch und Stab<\/span> weiterlesen <span class=\"meta-nav\">&rarr;<\/span><\/a><\/p>\n","protected":false},"author":7,"featured_media":857,"parent":0,"menu_order":0,"comment_status":"closed","ping_status":"open","template":"","meta":{"jetpack_post_was_ever_published":false,"footnotes":""},"class_list":["post-854","page","type-page","status-publish","has-post-thumbnail","hentry"],"jetpack_sharing_enabled":true,"jetpack_shortlink":"https:\/\/wp.me\/P55jil-dM","jetpack_likes_enabled":true,"jetpack-related-posts":[{"id":1098,"url":"https:\/\/www.panpagan.com\/forum_neu\/ppwp\/ueber-uns\/autorinnen-und-rubrikenbetreuerinnen-des-blogs\/","url_meta":{"origin":854,"position":0},"title":"AutorInnen und RubrikenbetreuerInnen des Blogs","author":"Redaktion","date":"22. Januar 2017","format":false,"excerpt":"Hier findet Ihr (kurze) Vorstellung unserer AutorInnen und RubrikenbetreuerInnen. Siat Ich bin seit 2003 im Internet und der heidnischen \"Szene\" unterwegs, und betreibe zusammen mit meinem Mann StarFire das PanPagan-Forum.\u00a0 Vorher war ich eine kurze Weile im Mutterforum Paganforum als Moderatorin aktiv. Ich bin Reiki-Meisterin (Usui-Reiki), und verdiene mein t\u00e4gliches\u2026","rel":"","context":"\u00c4hnlicher Beitrag","block_context":{"text":"\u00c4hnlicher Beitrag","link":""},"img":{"alt_text":"","src":"https:\/\/i0.wp.com\/www.panpagan.com\/forum_neu\/ppwp\/wp-content\/uploads\/2017\/01\/DannyExamen3.jpg?resize=350%2C200&ssl=1","width":350,"height":200,"srcset":"https:\/\/i0.wp.com\/www.panpagan.com\/forum_neu\/ppwp\/wp-content\/uploads\/2017\/01\/DannyExamen3.jpg?resize=350%2C200&ssl=1 1x, https:\/\/i0.wp.com\/www.panpagan.com\/forum_neu\/ppwp\/wp-content\/uploads\/2017\/01\/DannyExamen3.jpg?resize=525%2C300&ssl=1 1.5x, https:\/\/i0.wp.com\/www.panpagan.com\/forum_neu\/ppwp\/wp-content\/uploads\/2017\/01\/DannyExamen3.jpg?resize=700%2C400&ssl=1 2x"},"classes":[]},{"id":1040,"url":"https:\/\/www.panpagan.com\/forum_neu\/ppwp\/ueber-sicht-gnostischer-kreis\/","url_meta":{"origin":854,"position":1},"title":"\u00dcber-Sicht Gnostischer Kreis","author":"admin101","date":"27. M\u00e4rz 2016","format":false,"excerpt":"Die G\u00f6ttlichen sind nicht irgendwelche fernen Wesen, sondern k\u00f6nnen von jedem\/r Einzelnen erfahren und erlebt werden. Pers\u00f6nliche Erlebnisse mit und pers\u00f6nliche Erkenntnisse durch die G\u00f6ttlichen geh\u00f6ren zu einer gelebten Spiritualit\u00e4t und\/oder Religion untrennbar dazu. Wie k\u00f6nnen G\u00f6tter und\/oder G\u00f6ttinnen erlebt werden? Wie k\u00f6nnen Sie sich offenbar oder\/und mit uns kommunzieren?\u2026","rel":"","context":"\u00c4hnlicher Beitrag","block_context":{"text":"\u00c4hnlicher Beitrag","link":""},"img":{"alt_text":"","src":"","width":0,"height":0},"classes":[]},{"id":1022,"url":"https:\/\/www.panpagan.com\/forum_neu\/ppwp\/ueber-sicht-am-anfang\/","url_meta":{"origin":854,"position":2},"title":"\u00dcber-Sicht Am Anfang","author":"admin101","date":"27. M\u00e4rz 2016","format":false,"excerpt":"\"Jede Reise beginnt mit einem ersten Schritt\" hei\u00dft ein Sprichwort. So ist es auch f\u00fcr Interssierte und f\u00fcr Suchende im sprituell-magisch-religi\u00f6sen Bereich. Und ebenso kann jeder Anfang sich als schwierig erweisen. Besonders, wenn einem die schiere F\u00fclle von Informationen zu \u00fcberfluten und zu erschlagen droht. Worauf muss ich achten, wenn\u2026","rel":"","context":"\u00c4hnlicher Beitrag","block_context":{"text":"\u00c4hnlicher Beitrag","link":""},"img":{"alt_text":"","src":"","width":0,"height":0},"classes":[]},{"id":15,"url":"https:\/\/www.panpagan.com\/forum_neu\/ppwp\/ueber-uns\/","url_meta":{"origin":854,"position":3},"title":"\u00dcber uns","author":"PanPagan-Team","date":"20. September 2014","format":false,"excerpt":"Das PanPagan ist eine bunt gemischte Community, in der wir uns vor allen Dingen mit dem Thema (Neu)Heidentum, in allen seinen verschiedenen Facetten, mit seinen bunt gemischten Weltanschauungen, Weltbildern und relig\u00f6s-spirituellen Pfaden, besch\u00e4ftigen Unseren Themenbereiche sind dabei naturgem\u00e4\u00df sehr breit aufgestellt und umfassen neben europ\u00e4ischen Religionen und Weltanschauungen (germanisch, keltisch-druidisch,\u2026","rel":"","context":"\u00c4hnlicher Beitrag","block_context":{"text":"\u00c4hnlicher Beitrag","link":""},"img":{"alt_text":"","src":"","width":0,"height":0},"classes":[]},{"id":13,"url":"https:\/\/www.panpagan.com\/forum_neu\/ppwp\/impressum-disclaimer\/","url_meta":{"origin":854,"position":4},"title":"Impressum, Disclaimer &#038; Urheberrecht","author":"PanPagan-Team","date":"20. September 2014","format":false,"excerpt":"\u00a0Verantworlich f\u00fcr diese Seite: Webmaster: Heiko Humbert (StarFire) Admin: Daniela Humbert (Siat) Salzstra\u00dfe 8 D-90763 F\u00fcrth Kontakt: E-Mail-Adresse: kontakt@panpagan.com Telefon: +49 (0) 911 - 745026 PanPagan-Forum Facebook Urheberrecht Die Inhalte dieser Internetpr\u00e4senz sind urheberrechtlich gesch\u00fctzt und d\u00fcrfen nur nach vorheriger R\u00fccksprache per eMail und unter Nennung des entsprechenden Nicks (auch\u2026","rel":"","context":"\u00c4hnlicher Beitrag","block_context":{"text":"\u00c4hnlicher Beitrag","link":""},"img":{"alt_text":"","src":"","width":0,"height":0},"classes":[]},{"id":1036,"url":"https:\/\/www.panpagan.com\/forum_neu\/ppwp\/ueber-sicht-uebergangsriten\/","url_meta":{"origin":854,"position":5},"title":"\u00dcber-Sicht \u00dcbergangsriten","author":"admin101","date":"27. M\u00e4rz 2016","format":false,"excerpt":"Unser Leben ist voller Ereignisse, die \u00dcberg\u00e4nge von einem (Lebens-)Abschnitt in einen andern darstellen. Geburt, die Heranreifung eines Kindes zum\/r Erwachenen, Hochzeit, Tod. Das sind wohl die gr\u00f6\u00dften \u00dcberg\u00e4nge im Leben. Doch daneben gibt es noch so viele andere, die mit entsprechenden Ritualen begangen oder geehrt werden k\u00f6nnen. In dieser\u2026","rel":"","context":"\u00c4hnlicher Beitrag","block_context":{"text":"\u00c4hnlicher Beitrag","link":""},"img":{"alt_text":"","src":"","width":0,"height":0},"classes":[]}],"_links":{"self":[{"href":"https:\/\/www.panpagan.com\/forum_neu\/ppwp\/wp-json\/wp\/v2\/pages\/854","targetHints":{"allow":["GET"]}}],"collection":[{"href":"https:\/\/www.panpagan.com\/forum_neu\/ppwp\/wp-json\/wp\/v2\/pages"}],"about":[{"href":"https:\/\/www.panpagan.com\/forum_neu\/ppwp\/wp-json\/wp\/v2\/types\/page"}],"author":[{"embeddable":true,"href":"https:\/\/www.panpagan.com\/forum_neu\/ppwp\/wp-json\/wp\/v2\/users\/7"}],"replies":[{"embeddable":true,"href":"https:\/\/www.panpagan.com\/forum_neu\/ppwp\/wp-json\/wp\/v2\/comments?post=854"}],"version-history":[{"count":3,"href":"https:\/\/www.panpagan.com\/forum_neu\/ppwp\/wp-json\/wp\/v2\/pages\/854\/revisions"}],"predecessor-version":[{"id":864,"href":"https:\/\/www.panpagan.com\/forum_neu\/ppwp\/wp-json\/wp\/v2\/pages\/854\/revisions\/864"}],"wp:featuredmedia":[{"embeddable":true,"href":"https:\/\/www.panpagan.com\/forum_neu\/ppwp\/wp-json\/wp\/v2\/media\/857"}],"wp:attachment":[{"href":"https:\/\/www.panpagan.com\/forum_neu\/ppwp\/wp-json\/wp\/v2\/media?parent=854"}],"curies":[{"name":"wp","href":"https:\/\/api.w.org\/{rel}","templated":true}]}}