{"id":71,"date":"2014-09-21T02:26:01","date_gmt":"2014-09-21T00:26:01","guid":{"rendered":"http:\/\/www.panpagan.com\/forum_neu\/ppwp\/?page_id=71"},"modified":"2014-09-21T02:26:01","modified_gmt":"2014-09-21T00:26:01","slug":"unsere-banner","status":"publish","type":"page","link":"https:\/\/www.panpagan.com\/forum_neu\/ppwp\/netzwerk\/unsere-banner\/","title":{"rendered":"Unsere Banner"},"content":{"rendered":"<p>Hier findet Ihr eine kleine Auswahl unserer Banner f\u00fcr den <a href=\"https:\/\/www.panpagan.com\/forum_neu\/ppwp\/?page_id=48\">Bannertausch<\/a>.<\/p>\n<p><span style=\"text-decoration: underline;\"><strong>Logos<br \/>\n<\/strong><\/span><\/p>\n<figure id=\"attachment_59\" aria-describedby=\"caption-attachment-59\" style=\"width: 120px\" class=\"wp-caption alignnone\"><a href=\"https:\/\/www.panpagan.com\/forum_neu\/ppwp\/wp-content\/uploads\/2014\/09\/LogoPanPagan_120x107px.jpg\"><img loading=\"lazy\" decoding=\"async\" class=\"size-full wp-image-59\" src=\"https:\/\/www.panpagan.com\/forum_neu\/ppwp\/wp-content\/uploads\/2014\/09\/LogoPanPagan_120x107px.jpg\" alt=\"LogoPanPagan_120x107px.\" width=\"120\" height=\"107\" \/><\/a><figcaption id=\"caption-attachment-59\" class=\"wp-caption-text\">LogoPanPagan_120x107px.<\/figcaption><\/figure>\n<figure id=\"attachment_58\" aria-describedby=\"caption-attachment-58\" style=\"width: 60px\" class=\"wp-caption alignnone\"><a href=\"https:\/\/www.panpagan.com\/forum_neu\/ppwp\/wp-content\/uploads\/2014\/09\/LogoPanPagan_60x54px.jpg\"><img loading=\"lazy\" decoding=\"async\" class=\"size-full wp-image-58\" src=\"https:\/\/www.panpagan.com\/forum_neu\/ppwp\/wp-content\/uploads\/2014\/09\/LogoPanPagan_60x54px.jpg\" alt=\"LogoPanPagan_60x54px\" width=\"60\" height=\"54\" \/><\/a><figcaption id=\"caption-attachment-58\" class=\"wp-caption-text\">LogoPanPagan_60x54px<\/figcaption><\/figure>\n<p>&nbsp;<\/p>\n<p><span style=\"text-decoration: underline;\"><strong>Banner<\/strong><\/span><\/p>\n<figure id=\"attachment_57\" aria-describedby=\"caption-attachment-57\" style=\"width: 300px\" class=\"wp-caption alignnone\"><a href=\"https:\/\/www.panpagan.com\/forum_neu\/ppwp\/wp-content\/uploads\/2014\/09\/BannerPanPagan_300x50px.jpg\"><img loading=\"lazy\" decoding=\"async\" class=\"size-full wp-image-57\" src=\"https:\/\/www.panpagan.com\/forum_neu\/ppwp\/wp-content\/uploads\/2014\/09\/BannerPanPagan_300x50px.jpg\" alt=\"BannerPanPagan_300x50px\" width=\"300\" height=\"50\" \/><\/a><figcaption id=\"caption-attachment-57\" class=\"wp-caption-text\">BannerPanPagan_300x50px<\/figcaption><\/figure>\n<figure id=\"attachment_56\" aria-describedby=\"caption-attachment-56\" style=\"width: 121px\" class=\"wp-caption alignnone\"><a href=\"https:\/\/www.panpagan.com\/forum_neu\/ppwp\/wp-content\/uploads\/2014\/09\/BannerPanPagan_121x20px.jpg\"><img loading=\"lazy\" decoding=\"async\" class=\"size-full wp-image-56\" src=\"https:\/\/www.panpagan.com\/forum_neu\/ppwp\/wp-content\/uploads\/2014\/09\/BannerPanPagan_121x20px.jpg\" alt=\"BannerPanPagan_121x20px\" width=\"121\" height=\"20\" \/><\/a><figcaption id=\"caption-attachment-56\" class=\"wp-caption-text\">BannerPanPagan_121x20px<\/figcaption><\/figure>\n","protected":false},"excerpt":{"rendered":"<p>Hier findet Ihr eine kleine Auswahl unserer Banner f\u00fcr den Bannertausch. Logos &nbsp; Banner<\/p>\n","protected":false},"author":4,"featured_media":0,"parent":48,"menu_order":0,"comment_status":"open","ping_status":"open","template":"","meta":{"jetpack_post_was_ever_published":false,"footnotes":""},"class_list":["post-71","page","type-page","status-publish","hentry"],"jetpack_sharing_enabled":true,"jetpack_shortlink":"https:\/\/wp.me\/P55jil-19","jetpack_likes_enabled":true,"jetpack-related-posts":[{"id":48,"url":"https:\/\/www.panpagan.com\/forum_neu\/ppwp\/netzwerk\/","url_meta":{"origin":71,"position":0},"title":"Netzwerk","author":"PanPagan-Team","date":"21. September 2014","format":false,"excerpt":"Neben den Kontaktm\u00f6glichkeiten im Forum m\u00f6chten wir gerne eine M\u00f6glichkeit anbieten, ein Netzwerk zu kn\u00fcpfen. Was Ihr daf\u00fcr tun m\u00fcsst, ist ganz einfach: Unsere Forenregeln und ANB\u00b4s durchlesen, da diese auch f\u00fcr dieses Blog gelten! Uns eine Nachricht \u00fcber eine der im Impressum erw\u00e4hnten M\u00f6glichkeiten oder \u00fcber Facebook zukommen lassen,\u2026","rel":"","context":"\u00c4hnlicher Beitrag","block_context":{"text":"\u00c4hnlicher Beitrag","link":""},"img":{"alt_text":"","src":"https:\/\/i0.wp.com\/geistertrommel.de\/trommel\/bilder\/geisterrommelhand.jpg?resize=350%2C200","width":350,"height":200},"classes":[]}],"_links":{"self":[{"href":"https:\/\/www.panpagan.com\/forum_neu\/ppwp\/wp-json\/wp\/v2\/pages\/71","targetHints":{"allow":["GET"]}}],"collection":[{"href":"https:\/\/www.panpagan.com\/forum_neu\/ppwp\/wp-json\/wp\/v2\/pages"}],"about":[{"href":"https:\/\/www.panpagan.com\/forum_neu\/ppwp\/wp-json\/wp\/v2\/types\/page"}],"author":[{"embeddable":true,"href":"https:\/\/www.panpagan.com\/forum_neu\/ppwp\/wp-json\/wp\/v2\/users\/4"}],"replies":[{"embeddable":true,"href":"https:\/\/www.panpagan.com\/forum_neu\/ppwp\/wp-json\/wp\/v2\/comments?post=71"}],"version-history":[{"count":2,"href":"https:\/\/www.panpagan.com\/forum_neu\/ppwp\/wp-json\/wp\/v2\/pages\/71\/revisions"}],"predecessor-version":[{"id":73,"href":"https:\/\/www.panpagan.com\/forum_neu\/ppwp\/wp-json\/wp\/v2\/pages\/71\/revisions\/73"}],"up":[{"embeddable":true,"href":"https:\/\/www.panpagan.com\/forum_neu\/ppwp\/wp-json\/wp\/v2\/pages\/48"}],"wp:attachment":[{"href":"https:\/\/www.panpagan.com\/forum_neu\/ppwp\/wp-json\/wp\/v2\/media?parent=71"}],"curies":[{"name":"wp","href":"https:\/\/api.w.org\/{rel}","templated":true}]}}