{"id":48,"date":"2014-09-21T02:09:16","date_gmt":"2014-09-21T00:09:16","guid":{"rendered":"http:\/\/www.panpagan.com\/forum_neu\/ppwp\/?page_id=48"},"modified":"2015-03-22T23:01:02","modified_gmt":"2015-03-22T21:01:02","slug":"netzwerk","status":"publish","type":"page","link":"https:\/\/www.panpagan.com\/forum_neu\/ppwp\/netzwerk\/","title":{"rendered":"Netzwerk"},"content":{"rendered":"<p>Neben den Kontaktm\u00f6glichkeiten im Forum m\u00f6chten wir gerne eine M\u00f6glichkeit anbieten, ein Netzwerk zu kn\u00fcpfen.<\/p>\n<p>Was Ihr daf\u00fcr tun m\u00fcsst, ist ganz einfach:<\/p>\n<ol>\n<li>Unsere <a href=\"http:\/\/www.panpagan.com\/forum_neu\/index.php\/Board\/4-Forenregeln\/\">Forenregeln und ANB\u00b4s<\/a> durchlesen, da diese auch f\u00fcr dieses Blog gelten!<\/li>\n<li>Uns eine Nachricht \u00fcber eine der im <a href=\"https:\/\/www.panpagan.com\/forum_neu\/ppwp\/?page_id=13\">Impressum<\/a> erw\u00e4hnten M\u00f6glichkeiten oder \u00fcber <a href=\"https:\/\/www.facebook.com\/PanPagan\">Facebook<\/a> zukommen lassen, in der Ihr Euch und Eure Website kurz vorstellt. Mit dieser eMail gehen wir davon aus, das Ihr unsere Forenregeln und ANB\u00b4s anerkennt und ihnen zustimmt!<\/li>\n<li>Nat\u00fcrlichen einen Link zu Eurer Page, Eurem Forum o.\u00e4.\u00a0 und ein Banner, das wir dann hier im Blog einf\u00fcgen k\u00f6nnen (f\u00fcr reine Links haben wir im Forum einen entsprechenden Bereich),<\/li>\n<li>auf Eure Site, in Eurem Blog, Forum o.\u00e4. einen Link, ein Banner oder Logo von uns setzen .<\/li>\n<\/ol>\n<p>Eine kleine Auswahl unserer Banner und Logos findet Ihr unter &#8222;<a href=\"https:\/\/www.panpagan.com\/forum_neu\/ppwp\/?page_id=71\">Unsere Banner<\/a>&#8222;.<\/p>\n<p><span style=\"font-size: 10pt;\"><em><span style=\"text-decoration: underline;\"><strong>Bitte beachten:<\/strong> <\/span><\/em><\/span><br \/>\n<span style=\"font-size: 10pt;\"><em> Wir werden hier im Blog grunds\u00e4tzlich keine Banner zu kostenpflichtigen Sites, Foren oder \u00e4hnliches ver\u00f6ffentlichen!<\/em><\/span><br \/>\n<span style=\"font-size: 10pt;\"><em> Nach Absprache mit uns und ggf. nach der Entrichtung eines kleinen Obolus k\u00f6nnt Ihr jedoch ggf. im entsprechenden kommerziellen Bereich des Forums werben.<\/em><\/span><\/p>\n<hr \/>\n<p><a href=\"http:\/\/geistertrommel.de\/trommel\"><img loading=\"lazy\" decoding=\"async\" class=\" alignleft\" src=\"http:\/\/geistertrommel.de\/trommel\/bilder\/geisterrommelhand.jpg\" alt=\"\" width=\"193\" height=\"193\" \/><\/a><em><strong>Der Ruf der Geistertrommel:<\/strong><\/em><br \/>\nEine Website mit vielen Informationen rund um Schamanismus, mit Angeboten zu Seminaren und einem tollem Online-Orakel.<\/p>\n<p>&nbsp;<\/p>\n<p>&nbsp;<\/p>\n<p><a href=\"http:\/\/flugdesdrachen.panpagan.de\/\"><img loading=\"lazy\" decoding=\"async\" class=\"aligncenter\" src=\"http:\/\/flugdesdrachen.panpagan.de\/wp-content\/uploads\/2014\/09\/feuerdrache20101_3.jpg\" alt=\"\" width=\"491\" height=\"148\" \/><\/a>Siats private Homepage <span style=\"font-size: 8pt;\">(derzeit etwas brach liegend) <\/span><\/p>\n<p>&nbsp;<\/p>\n","protected":false},"excerpt":{"rendered":"<p>Neben den Kontaktm\u00f6glichkeiten im Forum m\u00f6chten wir gerne eine M\u00f6glichkeit anbieten, ein Netzwerk zu kn\u00fcpfen. Was Ihr daf\u00fcr tun m\u00fcsst, ist ganz einfach: Unsere Forenregeln und ANB\u00b4s durchlesen, da diese auch f\u00fcr dieses Blog gelten! Uns eine Nachricht \u00fcber eine der im Impressum erw\u00e4hnten M\u00f6glichkeiten oder \u00fcber Facebook zukommen lassen, in der Ihr Euch und &hellip; <a href=\"https:\/\/www.panpagan.com\/forum_neu\/ppwp\/netzwerk\/\" class=\"more-link\"><span class=\"screen-reader-text\">Netzwerk<\/span> weiterlesen <span class=\"meta-nav\">&rarr;<\/span><\/a><\/p>\n","protected":false},"author":4,"featured_media":0,"parent":0,"menu_order":0,"comment_status":"open","ping_status":"open","template":"","meta":{"jetpack_post_was_ever_published":false,"footnotes":""},"class_list":["post-48","page","type-page","status-publish","hentry"],"jetpack_sharing_enabled":true,"jetpack_shortlink":"https:\/\/wp.me\/P55jil-M","jetpack_likes_enabled":true,"jetpack-related-posts":[{"id":15,"url":"https:\/\/www.panpagan.com\/forum_neu\/ppwp\/ueber-uns\/","url_meta":{"origin":48,"position":0},"title":"\u00dcber uns","author":"PanPagan-Team","date":"20. September 2014","format":false,"excerpt":"Das PanPagan ist eine bunt gemischte Community, in der wir uns vor allen Dingen mit dem Thema (Neu)Heidentum, in allen seinen verschiedenen Facetten, mit seinen bunt gemischten Weltanschauungen, Weltbildern und relig\u00f6s-spirituellen Pfaden, besch\u00e4ftigen Unseren Themenbereiche sind dabei naturgem\u00e4\u00df sehr breit aufgestellt und umfassen neben europ\u00e4ischen Religionen und Weltanschauungen (germanisch, keltisch-druidisch,\u2026","rel":"","context":"\u00c4hnlicher Beitrag","block_context":{"text":"\u00c4hnlicher Beitrag","link":""},"img":{"alt_text":"","src":"","width":0,"height":0},"classes":[]},{"id":13,"url":"https:\/\/www.panpagan.com\/forum_neu\/ppwp\/impressum-disclaimer\/","url_meta":{"origin":48,"position":1},"title":"Impressum, Disclaimer &#038; Urheberrecht","author":"PanPagan-Team","date":"20. September 2014","format":false,"excerpt":"\u00a0Verantworlich f\u00fcr diese Seite: Webmaster: Heiko Humbert (StarFire) Admin: Daniela Humbert (Siat) Salzstra\u00dfe 8 D-90763 F\u00fcrth Kontakt: E-Mail-Adresse: kontakt@panpagan.com Telefon: +49 (0) 911 - 745026 PanPagan-Forum Facebook Urheberrecht Die Inhalte dieser Internetpr\u00e4senz sind urheberrechtlich gesch\u00fctzt und d\u00fcrfen nur nach vorheriger R\u00fccksprache per eMail und unter Nennung des entsprechenden Nicks (auch\u2026","rel":"","context":"\u00c4hnlicher Beitrag","block_context":{"text":"\u00c4hnlicher Beitrag","link":""},"img":{"alt_text":"","src":"","width":0,"height":0},"classes":[]},{"id":1024,"url":"https:\/\/www.panpagan.com\/forum_neu\/ppwp\/ueber-sicht-jahreskreis\/","url_meta":{"origin":48,"position":2},"title":"\u00dcber-Sicht Jahreskreis","author":"admin101","date":"27. M\u00e4rz 2016","format":false,"excerpt":"Das Leben ist ein ewiger Kreislauf von Werden und Vergehen. Im Laufe des Jahres erleben und feiern wir diesen Kreis, erleben wir uns als ein Teil von ihm und zelebrieren sowohl die G\u00f6ttlichen, als auch das Leben in und um uns. Das Rad des Jahres, in dessen Verlauf wir die\u2026","rel":"","context":"\u00c4hnlicher Beitrag","block_context":{"text":"\u00c4hnlicher Beitrag","link":""},"img":{"alt_text":"","src":"https:\/\/i0.wp.com\/www.panpagan.com\/forum_neu\/ppwp\/wp-content\/uploads\/2016\/03\/pagan_wheel_of_the_year_by_estruda-d2o95jb.jpg?resize=350%2C200&ssl=1","width":350,"height":200,"srcset":"https:\/\/i0.wp.com\/www.panpagan.com\/forum_neu\/ppwp\/wp-content\/uploads\/2016\/03\/pagan_wheel_of_the_year_by_estruda-d2o95jb.jpg?resize=350%2C200&ssl=1 1x, https:\/\/i0.wp.com\/www.panpagan.com\/forum_neu\/ppwp\/wp-content\/uploads\/2016\/03\/pagan_wheel_of_the_year_by_estruda-d2o95jb.jpg?resize=525%2C300&ssl=1 1.5x, https:\/\/i0.wp.com\/www.panpagan.com\/forum_neu\/ppwp\/wp-content\/uploads\/2016\/03\/pagan_wheel_of_the_year_by_estruda-d2o95jb.jpg?resize=700%2C400&ssl=1 2x, https:\/\/i0.wp.com\/www.panpagan.com\/forum_neu\/ppwp\/wp-content\/uploads\/2016\/03\/pagan_wheel_of_the_year_by_estruda-d2o95jb.jpg?resize=1050%2C600&ssl=1 3x, https:\/\/i0.wp.com\/www.panpagan.com\/forum_neu\/ppwp\/wp-content\/uploads\/2016\/03\/pagan_wheel_of_the_year_by_estruda-d2o95jb.jpg?resize=1400%2C800&ssl=1 4x"},"classes":[]},{"id":1098,"url":"https:\/\/www.panpagan.com\/forum_neu\/ppwp\/ueber-uns\/autorinnen-und-rubrikenbetreuerinnen-des-blogs\/","url_meta":{"origin":48,"position":3},"title":"AutorInnen und RubrikenbetreuerInnen des Blogs","author":"Redaktion","date":"22. Januar 2017","format":false,"excerpt":"Hier findet Ihr (kurze) Vorstellung unserer AutorInnen und RubrikenbetreuerInnen. Siat Ich bin seit 2003 im Internet und der heidnischen \"Szene\" unterwegs, und betreibe zusammen mit meinem Mann StarFire das PanPagan-Forum.\u00a0 Vorher war ich eine kurze Weile im Mutterforum Paganforum als Moderatorin aktiv. Ich bin Reiki-Meisterin (Usui-Reiki), und verdiene mein t\u00e4gliches\u2026","rel":"","context":"\u00c4hnlicher Beitrag","block_context":{"text":"\u00c4hnlicher Beitrag","link":""},"img":{"alt_text":"","src":"https:\/\/i0.wp.com\/www.panpagan.com\/forum_neu\/ppwp\/wp-content\/uploads\/2017\/01\/DannyExamen3.jpg?resize=350%2C200&ssl=1","width":350,"height":200,"srcset":"https:\/\/i0.wp.com\/www.panpagan.com\/forum_neu\/ppwp\/wp-content\/uploads\/2017\/01\/DannyExamen3.jpg?resize=350%2C200&ssl=1 1x, https:\/\/i0.wp.com\/www.panpagan.com\/forum_neu\/ppwp\/wp-content\/uploads\/2017\/01\/DannyExamen3.jpg?resize=525%2C300&ssl=1 1.5x, https:\/\/i0.wp.com\/www.panpagan.com\/forum_neu\/ppwp\/wp-content\/uploads\/2017\/01\/DannyExamen3.jpg?resize=700%2C400&ssl=1 2x"},"classes":[]},{"id":1014,"url":"https:\/\/www.panpagan.com\/forum_neu\/ppwp\/ueber-sicht-im-schatten-der-eiche\/","url_meta":{"origin":48,"position":4},"title":"\u00dcber-Sicht Im Schatten der Eiche","author":"admin101","date":"27. M\u00e4rz 2016","format":false,"excerpt":"Die Eiche, so erz\u00e4hlt man, ist eine der hochverehrtesten B\u00e4ume der keltischen St\u00e4mme, sowohl auf dem Festland als auch auf den Inseln Britanniens und Irlands. In ihren Hainen sollen Druiden ihre Rituale gehalten und ihren G\u00f6ttern und G\u00f6ttinnen geopfert haben. Wir laden Euch ein, Euch im Schatten der Eiche nieder\u2026","rel":"","context":"\u00c4hnlicher Beitrag","block_context":{"text":"\u00c4hnlicher Beitrag","link":""},"img":{"alt_text":"","src":"https:\/\/i0.wp.com\/www.panpagan.com\/forum_neu\/ppwp\/wp-content\/uploads\/2016\/03\/100_7174-e1459079214642.jpg?resize=350%2C200&ssl=1","width":350,"height":200,"srcset":"https:\/\/i0.wp.com\/www.panpagan.com\/forum_neu\/ppwp\/wp-content\/uploads\/2016\/03\/100_7174-e1459079214642.jpg?resize=350%2C200&ssl=1 1x, https:\/\/i0.wp.com\/www.panpagan.com\/forum_neu\/ppwp\/wp-content\/uploads\/2016\/03\/100_7174-e1459079214642.jpg?resize=525%2C300&ssl=1 1.5x, https:\/\/i0.wp.com\/www.panpagan.com\/forum_neu\/ppwp\/wp-content\/uploads\/2016\/03\/100_7174-e1459079214642.jpg?resize=700%2C400&ssl=1 2x, https:\/\/i0.wp.com\/www.panpagan.com\/forum_neu\/ppwp\/wp-content\/uploads\/2016\/03\/100_7174-e1459079214642.jpg?resize=1050%2C600&ssl=1 3x, https:\/\/i0.wp.com\/www.panpagan.com\/forum_neu\/ppwp\/wp-content\/uploads\/2016\/03\/100_7174-e1459079214642.jpg?resize=1400%2C800&ssl=1 4x"},"classes":[]},{"id":1040,"url":"https:\/\/www.panpagan.com\/forum_neu\/ppwp\/ueber-sicht-gnostischer-kreis\/","url_meta":{"origin":48,"position":5},"title":"\u00dcber-Sicht Gnostischer Kreis","author":"admin101","date":"27. M\u00e4rz 2016","format":false,"excerpt":"Die G\u00f6ttlichen sind nicht irgendwelche fernen Wesen, sondern k\u00f6nnen von jedem\/r Einzelnen erfahren und erlebt werden. Pers\u00f6nliche Erlebnisse mit und pers\u00f6nliche Erkenntnisse durch die G\u00f6ttlichen geh\u00f6ren zu einer gelebten Spiritualit\u00e4t und\/oder Religion untrennbar dazu. Wie k\u00f6nnen G\u00f6tter und\/oder G\u00f6ttinnen erlebt werden? Wie k\u00f6nnen Sie sich offenbar oder\/und mit uns kommunzieren?\u2026","rel":"","context":"\u00c4hnlicher Beitrag","block_context":{"text":"\u00c4hnlicher Beitrag","link":""},"img":{"alt_text":"","src":"","width":0,"height":0},"classes":[]}],"_links":{"self":[{"href":"https:\/\/www.panpagan.com\/forum_neu\/ppwp\/wp-json\/wp\/v2\/pages\/48","targetHints":{"allow":["GET"]}}],"collection":[{"href":"https:\/\/www.panpagan.com\/forum_neu\/ppwp\/wp-json\/wp\/v2\/pages"}],"about":[{"href":"https:\/\/www.panpagan.com\/forum_neu\/ppwp\/wp-json\/wp\/v2\/types\/page"}],"author":[{"embeddable":true,"href":"https:\/\/www.panpagan.com\/forum_neu\/ppwp\/wp-json\/wp\/v2\/users\/4"}],"replies":[{"embeddable":true,"href":"https:\/\/www.panpagan.com\/forum_neu\/ppwp\/wp-json\/wp\/v2\/comments?post=48"}],"version-history":[{"count":15,"href":"https:\/\/www.panpagan.com\/forum_neu\/ppwp\/wp-json\/wp\/v2\/pages\/48\/revisions"}],"predecessor-version":[{"id":772,"href":"https:\/\/www.panpagan.com\/forum_neu\/ppwp\/wp-json\/wp\/v2\/pages\/48\/revisions\/772"}],"wp:attachment":[{"href":"https:\/\/www.panpagan.com\/forum_neu\/ppwp\/wp-json\/wp\/v2\/media?parent=48"}],"curies":[{"name":"wp","href":"https:\/\/api.w.org\/{rel}","templated":true}]}}