{"id":448,"date":"2014-10-27T15:07:52","date_gmt":"2014-10-27T13:07:52","guid":{"rendered":"http:\/\/www.panpagan.com\/forum_neu\/ppwp\/?page_id=448"},"modified":"2016-03-27T01:16:25","modified_gmt":"2016-03-26T23:16:25","slug":"ueber-sicht-2","status":"publish","type":"page","link":"https:\/\/www.panpagan.com\/forum_neu\/ppwp\/ueber-sicht-2\/","title":{"rendered":"\u00dcber-Sicht An den Ufern des Nils"},"content":{"rendered":"<p>An den Ufern des Nils liegt Kemet, das schwarze Land.<br \/>\nSo nannten die alten \u00c4gypter ihre Heimat, deren trockene Erde allj\u00e4hrlich von den schlammtragenden Fluten des Nils \u00fcberschwemmt und fruchtbar gemacht wurde.<br \/>\nSie schufen die Grundlage f\u00fcr das Reich der Pharaonen, die die Pyramiden und riesige Tempelanlagen als Heimst\u00e4tte f\u00fcr die G\u00f6tter und G\u00f6ttinnen erbauen lie\u00dfen.<br \/>\nDie reiche Kultur und Religion der \u00c4gypter hatte ihren Einfluss nicht nur innerhalb des eigenen Landes, sondern befruchtete auch weit \u00fcber seine Grenzen hinaus andere Kulturen.<br \/>\nUnd auch heute noch sind kemetische Traditionen lebendig oder werden neu belebt.<\/p>\n<p>Hier, an den Ufern des Nils, laden wir Euch dazu ein, altes und neues \u00fcber die Religion, Weltanschauung und Geschichte \u00c4gyptens zu erfahren, sowohl aus Sicht der \u00c4gyptologie aber auch der heute (wieder) lebendigen Religion Kemets.<\/p>\n<p>Wir w\u00fcnschen Euch viel Vergn\u00fcgen beim Lesen.<\/p>\n<hr \/>\n<p>&nbsp;<\/p>\n<table>\n<tbody>\n<tr>\n<td><a href=\"https:\/\/www.panpagan.com\/forum_neu\/ppwp\/?p=653\">Vom Wesen \u00e4gyptischer Tempel (Teil 1)<\/a><\/td>\n<td>by Merienptah,<br \/>\n08.03.15<\/td>\n<\/tr>\n<tr>\n<td><a href=\"https:\/\/www.panpagan.com\/forum_neu\/ppwp\/?p=669\">Vom Wesen \u00e4gyptischer Tempel (Teil 2)<\/a><\/td>\n<td>by Merienptah,<br \/>\n16.03.15<\/td>\n<\/tr>\n<tr>\n<td>Vom Wesen \u00e4gyptischer Tempel (Teil 3)<\/td>\n<td>by Merienptah,<\/td>\n<\/tr>\n<\/tbody>\n<\/table>\n","protected":false},"excerpt":{"rendered":"<p>An den Ufern des Nils liegt Kemet, das schwarze Land. So nannten die alten \u00c4gypter ihre Heimat, deren trockene Erde allj\u00e4hrlich von den schlammtragenden Fluten des Nils \u00fcberschwemmt und fruchtbar gemacht wurde. Sie schufen die Grundlage f\u00fcr das Reich der Pharaonen, die die Pyramiden und riesige Tempelanlagen als Heimst\u00e4tte f\u00fcr die G\u00f6tter und G\u00f6ttinnen erbauen &hellip; <a href=\"https:\/\/www.panpagan.com\/forum_neu\/ppwp\/ueber-sicht-2\/\" class=\"more-link\"><span class=\"screen-reader-text\">\u00dcber-Sicht An den Ufern des Nils<\/span> weiterlesen <span class=\"meta-nav\">&rarr;<\/span><\/a><\/p>\n","protected":false},"author":7,"featured_media":449,"parent":0,"menu_order":0,"comment_status":"closed","ping_status":"open","template":"","meta":{"jetpack_post_was_ever_published":false,"footnotes":""},"class_list":["post-448","page","type-page","status-publish","has-post-thumbnail","hentry"],"jetpack_sharing_enabled":true,"jetpack_shortlink":"https:\/\/wp.me\/P55jil-7e","jetpack_likes_enabled":true,"jetpack-related-posts":[{"id":1098,"url":"https:\/\/www.panpagan.com\/forum_neu\/ppwp\/ueber-uns\/autorinnen-und-rubrikenbetreuerinnen-des-blogs\/","url_meta":{"origin":448,"position":0},"title":"AutorInnen und RubrikenbetreuerInnen des Blogs","author":"Redaktion","date":"22. Januar 2017","format":false,"excerpt":"Hier findet Ihr (kurze) Vorstellung unserer AutorInnen und RubrikenbetreuerInnen. Siat Ich bin seit 2003 im Internet und der heidnischen \"Szene\" unterwegs, und betreibe zusammen mit meinem Mann StarFire das PanPagan-Forum.\u00a0 Vorher war ich eine kurze Weile im Mutterforum Paganforum als Moderatorin aktiv. Ich bin Reiki-Meisterin (Usui-Reiki), und verdiene mein t\u00e4gliches\u2026","rel":"","context":"\u00c4hnlicher Beitrag","block_context":{"text":"\u00c4hnlicher Beitrag","link":""},"img":{"alt_text":"","src":"https:\/\/i0.wp.com\/www.panpagan.com\/forum_neu\/ppwp\/wp-content\/uploads\/2017\/01\/DannyExamen3.jpg?resize=350%2C200&ssl=1","width":350,"height":200,"srcset":"https:\/\/i0.wp.com\/www.panpagan.com\/forum_neu\/ppwp\/wp-content\/uploads\/2017\/01\/DannyExamen3.jpg?resize=350%2C200&ssl=1 1x, https:\/\/i0.wp.com\/www.panpagan.com\/forum_neu\/ppwp\/wp-content\/uploads\/2017\/01\/DannyExamen3.jpg?resize=525%2C300&ssl=1 1.5x, https:\/\/i0.wp.com\/www.panpagan.com\/forum_neu\/ppwp\/wp-content\/uploads\/2017\/01\/DannyExamen3.jpg?resize=700%2C400&ssl=1 2x"},"classes":[]},{"id":1014,"url":"https:\/\/www.panpagan.com\/forum_neu\/ppwp\/ueber-sicht-im-schatten-der-eiche\/","url_meta":{"origin":448,"position":1},"title":"\u00dcber-Sicht Im Schatten der Eiche","author":"admin101","date":"27. M\u00e4rz 2016","format":false,"excerpt":"Die Eiche, so erz\u00e4hlt man, ist eine der hochverehrtesten B\u00e4ume der keltischen St\u00e4mme, sowohl auf dem Festland als auch auf den Inseln Britanniens und Irlands. In ihren Hainen sollen Druiden ihre Rituale gehalten und ihren G\u00f6ttern und G\u00f6ttinnen geopfert haben. Wir laden Euch ein, Euch im Schatten der Eiche nieder\u2026","rel":"","context":"\u00c4hnlicher Beitrag","block_context":{"text":"\u00c4hnlicher Beitrag","link":""},"img":{"alt_text":"","src":"https:\/\/i0.wp.com\/www.panpagan.com\/forum_neu\/ppwp\/wp-content\/uploads\/2016\/03\/100_7174-e1459079214642.jpg?resize=350%2C200&ssl=1","width":350,"height":200,"srcset":"https:\/\/i0.wp.com\/www.panpagan.com\/forum_neu\/ppwp\/wp-content\/uploads\/2016\/03\/100_7174-e1459079214642.jpg?resize=350%2C200&ssl=1 1x, https:\/\/i0.wp.com\/www.panpagan.com\/forum_neu\/ppwp\/wp-content\/uploads\/2016\/03\/100_7174-e1459079214642.jpg?resize=525%2C300&ssl=1 1.5x, https:\/\/i0.wp.com\/www.panpagan.com\/forum_neu\/ppwp\/wp-content\/uploads\/2016\/03\/100_7174-e1459079214642.jpg?resize=700%2C400&ssl=1 2x, https:\/\/i0.wp.com\/www.panpagan.com\/forum_neu\/ppwp\/wp-content\/uploads\/2016\/03\/100_7174-e1459079214642.jpg?resize=1050%2C600&ssl=1 3x, https:\/\/i0.wp.com\/www.panpagan.com\/forum_neu\/ppwp\/wp-content\/uploads\/2016\/03\/100_7174-e1459079214642.jpg?resize=1400%2C800&ssl=1 4x"},"classes":[]},{"id":1007,"url":"https:\/\/www.panpagan.com\/forum_neu\/ppwp\/ueber-sicht-yggdrasils-stamm\/","url_meta":{"origin":448,"position":2},"title":"\u00dcber-Sicht Yggdrasils Stamm","author":"admin101","date":"27. M\u00e4rz 2016","format":false,"excerpt":"Der Weltenbraum Yggrasil, mal als Eibe, als Esche oder gar als Eiche gedacht, ist das zentrale Motiv der nordischen Kosmogenie. Er bildet die Verbindung zwischen der Unterwelt, der Welt der Menschen und die Welt der G\u00f6tter. Ist Sitz der kriegerischen Asen und der weisen Vanen. An seinen Wurzeln, findet man\u2026","rel":"","context":"\u00c4hnlicher Beitrag","block_context":{"text":"\u00c4hnlicher Beitrag","link":""},"img":{"alt_text":"","src":"https:\/\/i0.wp.com\/www.panpagan.com\/forum_neu\/ppwp\/wp-content\/uploads\/2016\/03\/NK-077_Eibe_NK_10.jpg?resize=350%2C200&ssl=1","width":350,"height":200,"srcset":"https:\/\/i0.wp.com\/www.panpagan.com\/forum_neu\/ppwp\/wp-content\/uploads\/2016\/03\/NK-077_Eibe_NK_10.jpg?resize=350%2C200&ssl=1 1x, https:\/\/i0.wp.com\/www.panpagan.com\/forum_neu\/ppwp\/wp-content\/uploads\/2016\/03\/NK-077_Eibe_NK_10.jpg?resize=525%2C300&ssl=1 1.5x, https:\/\/i0.wp.com\/www.panpagan.com\/forum_neu\/ppwp\/wp-content\/uploads\/2016\/03\/NK-077_Eibe_NK_10.jpg?resize=700%2C400&ssl=1 2x, https:\/\/i0.wp.com\/www.panpagan.com\/forum_neu\/ppwp\/wp-content\/uploads\/2016\/03\/NK-077_Eibe_NK_10.jpg?resize=1050%2C600&ssl=1 3x, https:\/\/i0.wp.com\/www.panpagan.com\/forum_neu\/ppwp\/wp-content\/uploads\/2016\/03\/NK-077_Eibe_NK_10.jpg?resize=1400%2C800&ssl=1 4x"},"classes":[]},{"id":854,"url":"https:\/\/www.panpagan.com\/forum_neu\/ppwp\/ueber-sicht-3\/","url_meta":{"origin":448,"position":3},"title":"\u00dcber-Sicht Kelch und Stab","author":"Redaktion","date":"28. Juni 2015","format":false,"excerpt":"Wicca ist eine relativ junge heidnische Religion, die in den 1950ger Jahren von Gerald B. Gardner begr\u00fcndet wurde, und heute zur Gruppe der am st\u00e4rksten wachsenden Religionen geh\u00f6rt. Eng Verbunden mit Wicca ist das Hexentum, auch wenn nicht jede\/r Wicca gleich Hexe\/r und vor allen Dingen nicht jede\/r Hexe\/r gleich\u2026","rel":"","context":"\u00c4hnlicher Beitrag","block_context":{"text":"\u00c4hnlicher Beitrag","link":""},"img":{"alt_text":"","src":"https:\/\/i0.wp.com\/www.panpagan.com\/forum_neu\/ppwp\/wp-content\/uploads\/2015\/06\/Triple_Moon_Goddess_by_HeroOrMonster.jpg?resize=350%2C200&ssl=1","width":350,"height":200,"srcset":"https:\/\/i0.wp.com\/www.panpagan.com\/forum_neu\/ppwp\/wp-content\/uploads\/2015\/06\/Triple_Moon_Goddess_by_HeroOrMonster.jpg?resize=350%2C200&ssl=1 1x, https:\/\/i0.wp.com\/www.panpagan.com\/forum_neu\/ppwp\/wp-content\/uploads\/2015\/06\/Triple_Moon_Goddess_by_HeroOrMonster.jpg?resize=525%2C300&ssl=1 1.5x"},"classes":[]},{"id":1024,"url":"https:\/\/www.panpagan.com\/forum_neu\/ppwp\/ueber-sicht-jahreskreis\/","url_meta":{"origin":448,"position":4},"title":"\u00dcber-Sicht Jahreskreis","author":"admin101","date":"27. M\u00e4rz 2016","format":false,"excerpt":"Das Leben ist ein ewiger Kreislauf von Werden und Vergehen. Im Laufe des Jahres erleben und feiern wir diesen Kreis, erleben wir uns als ein Teil von ihm und zelebrieren sowohl die G\u00f6ttlichen, als auch das Leben in und um uns. Das Rad des Jahres, in dessen Verlauf wir die\u2026","rel":"","context":"\u00c4hnlicher Beitrag","block_context":{"text":"\u00c4hnlicher Beitrag","link":""},"img":{"alt_text":"","src":"https:\/\/i0.wp.com\/www.panpagan.com\/forum_neu\/ppwp\/wp-content\/uploads\/2016\/03\/pagan_wheel_of_the_year_by_estruda-d2o95jb.jpg?resize=350%2C200&ssl=1","width":350,"height":200,"srcset":"https:\/\/i0.wp.com\/www.panpagan.com\/forum_neu\/ppwp\/wp-content\/uploads\/2016\/03\/pagan_wheel_of_the_year_by_estruda-d2o95jb.jpg?resize=350%2C200&ssl=1 1x, https:\/\/i0.wp.com\/www.panpagan.com\/forum_neu\/ppwp\/wp-content\/uploads\/2016\/03\/pagan_wheel_of_the_year_by_estruda-d2o95jb.jpg?resize=525%2C300&ssl=1 1.5x, https:\/\/i0.wp.com\/www.panpagan.com\/forum_neu\/ppwp\/wp-content\/uploads\/2016\/03\/pagan_wheel_of_the_year_by_estruda-d2o95jb.jpg?resize=700%2C400&ssl=1 2x, https:\/\/i0.wp.com\/www.panpagan.com\/forum_neu\/ppwp\/wp-content\/uploads\/2016\/03\/pagan_wheel_of_the_year_by_estruda-d2o95jb.jpg?resize=1050%2C600&ssl=1 3x, https:\/\/i0.wp.com\/www.panpagan.com\/forum_neu\/ppwp\/wp-content\/uploads\/2016\/03\/pagan_wheel_of_the_year_by_estruda-d2o95jb.jpg?resize=1400%2C800&ssl=1 4x"},"classes":[]},{"id":1022,"url":"https:\/\/www.panpagan.com\/forum_neu\/ppwp\/ueber-sicht-am-anfang\/","url_meta":{"origin":448,"position":5},"title":"\u00dcber-Sicht Am Anfang","author":"admin101","date":"27. M\u00e4rz 2016","format":false,"excerpt":"\"Jede Reise beginnt mit einem ersten Schritt\" hei\u00dft ein Sprichwort. So ist es auch f\u00fcr Interssierte und f\u00fcr Suchende im sprituell-magisch-religi\u00f6sen Bereich. Und ebenso kann jeder Anfang sich als schwierig erweisen. Besonders, wenn einem die schiere F\u00fclle von Informationen zu \u00fcberfluten und zu erschlagen droht. Worauf muss ich achten, wenn\u2026","rel":"","context":"\u00c4hnlicher Beitrag","block_context":{"text":"\u00c4hnlicher Beitrag","link":""},"img":{"alt_text":"","src":"","width":0,"height":0},"classes":[]}],"_links":{"self":[{"href":"https:\/\/www.panpagan.com\/forum_neu\/ppwp\/wp-json\/wp\/v2\/pages\/448","targetHints":{"allow":["GET"]}}],"collection":[{"href":"https:\/\/www.panpagan.com\/forum_neu\/ppwp\/wp-json\/wp\/v2\/pages"}],"about":[{"href":"https:\/\/www.panpagan.com\/forum_neu\/ppwp\/wp-json\/wp\/v2\/types\/page"}],"author":[{"embeddable":true,"href":"https:\/\/www.panpagan.com\/forum_neu\/ppwp\/wp-json\/wp\/v2\/users\/7"}],"replies":[{"embeddable":true,"href":"https:\/\/www.panpagan.com\/forum_neu\/ppwp\/wp-json\/wp\/v2\/comments?post=448"}],"version-history":[{"count":9,"href":"https:\/\/www.panpagan.com\/forum_neu\/ppwp\/wp-json\/wp\/v2\/pages\/448\/revisions"}],"predecessor-version":[{"id":984,"href":"https:\/\/www.panpagan.com\/forum_neu\/ppwp\/wp-json\/wp\/v2\/pages\/448\/revisions\/984"}],"wp:featuredmedia":[{"embeddable":true,"href":"https:\/\/www.panpagan.com\/forum_neu\/ppwp\/wp-json\/wp\/v2\/media\/449"}],"wp:attachment":[{"href":"https:\/\/www.panpagan.com\/forum_neu\/ppwp\/wp-json\/wp\/v2\/media?parent=448"}],"curies":[{"name":"wp","href":"https:\/\/api.w.org\/{rel}","templated":true}]}}