{"id":15,"date":"2014-09-20T13:01:35","date_gmt":"2014-09-20T11:01:35","guid":{"rendered":"http:\/\/www.panpagan.com\/forum_neu\/ppwp\/?page_id=15"},"modified":"2017-01-22T20:41:41","modified_gmt":"2017-01-22T18:41:41","slug":"ueber-uns","status":"publish","type":"page","link":"https:\/\/www.panpagan.com\/forum_neu\/ppwp\/ueber-uns\/","title":{"rendered":"\u00dcber uns"},"content":{"rendered":"<div id=\"h3\">\n<p>Das PanPagan ist eine bunt gemischte Community,<br \/>\nin der wir uns vor allen Dingen mit dem Thema (Neu)Heidentum, in allen seinen verschiedenen Facetten, mit seinen bunt gemischten Weltanschauungen, Weltbildern und relig\u00f6s-spirituellen Pfaden, besch\u00e4ftigen<br \/>\nUnseren Themenbereiche sind dabei naturgem\u00e4\u00df sehr breit aufgestellt und umfassen neben europ\u00e4ischen Religionen und Weltanschauungen (germanisch, keltisch-druidisch, r\u00f6misch, hellenistisch) aber auch \u00e4gyptisches, sumerisch-babylonisches Heidentum, Schamanismus und G\u00f6ttinnenspiritualit\u00e4t, sowie Schamanismus, G\u00f6ttinnenspiritualit\u00e4t und Magie.<br \/>\nUnser Bestreben ist es, ALLEN (neu)heidnischen Paden und Weltanschauung einen Platz des Austausches und der Diskussion zu bieten.<\/p>\n<p>Wir laden Euch herzlich dazu ein, mit uns in unserem<a href=\"http:\/\/www.panpagan.com\/forum_neu\"> Forum <\/a>\u00fcber Euren eigenen Glauben, \u00fcber andere Religionen, Esoterik, Magie, Schamanismus, Rituale, Kr\u00e4uter, Naturmedizin und vieles mehr zu diskutieren.<br \/>\nFindet in unserem Kontaktbereich \u00fcber Stammtische und Veranstaltungen Gleichgesinnte und hier in unserem Blog viele weitere Informationen und Artikel.<br \/>\nOder besucht uns auf unserer <a href=\"https:\/\/www.facebook.com\/PanPagan\/\">Facebook-Seite<\/a> oder in unserer <a href=\"https:\/\/www.facebook.com\/groups\/742895889199839\/\">Gruppe,<\/a> in der wir im Wortsinne des griechischen &#8222;pan&#8220; (=alle), jede\/n in unserem (erweiterten) Wohnzimmer willkommen hei\u00dfen.<br \/>\nGleichzeitig weisen wir im Sinne von PAN ( = Pagans against Nationalism) aber auch darauf hin, \u00a0das wir hier keinen Platz bieten f\u00fcr rechte Hetze oder das Verbreiten von rechten Ideologien und derlei \u00e4hnlichem.<\/p>\n<p>Es ist unsere Einstellung, das jeder Pfad, ob er nun reconstructionistisch ist oder &#8222;selbst erdacht&#8220; wertvoll ist, und seine Berechtigung hat.<br \/>\nWer diesen Gedanken mit tragen kann, Freude am Austausch und Gespr\u00e4chen, auch gern mal etwas hei\u00dferen Diskussionen hat, sei bei uns herzlich Willkommen.<\/p>\n<p>Wir w\u00fcnschen Euch viel Spa\u00df und hoffen auf interessante Gespr\u00e4che!<\/p>\n<p>Euer<br \/>\nPanPagan-Team<\/p>\n<\/div>\n","protected":false},"excerpt":{"rendered":"<p>Das PanPagan ist eine bunt gemischte Community, in der wir uns vor allen Dingen mit dem Thema (Neu)Heidentum, in allen seinen verschiedenen Facetten, mit seinen bunt gemischten Weltanschauungen, Weltbildern und relig\u00f6s-spirituellen Pfaden, besch\u00e4ftigen Unseren Themenbereiche sind dabei naturgem\u00e4\u00df sehr breit aufgestellt und umfassen neben europ\u00e4ischen Religionen und Weltanschauungen (germanisch, keltisch-druidisch, r\u00f6misch, hellenistisch) aber auch \u00e4gyptisches, &hellip; <a href=\"https:\/\/www.panpagan.com\/forum_neu\/ppwp\/ueber-uns\/\" class=\"more-link\"><span class=\"screen-reader-text\">\u00dcber uns<\/span> weiterlesen <span class=\"meta-nav\">&rarr;<\/span><\/a><\/p>\n","protected":false},"author":4,"featured_media":1136,"parent":0,"menu_order":0,"comment_status":"closed","ping_status":"closed","template":"","meta":{"jetpack_post_was_ever_published":false,"footnotes":""},"class_list":["post-15","page","type-page","status-publish","has-post-thumbnail","hentry"],"jetpack_sharing_enabled":true,"jetpack_shortlink":"https:\/\/wp.me\/P55jil-f","jetpack_likes_enabled":true,"jetpack-related-posts":[{"id":1098,"url":"https:\/\/www.panpagan.com\/forum_neu\/ppwp\/ueber-uns\/autorinnen-und-rubrikenbetreuerinnen-des-blogs\/","url_meta":{"origin":15,"position":0},"title":"AutorInnen und RubrikenbetreuerInnen des Blogs","author":"Redaktion","date":"22. Januar 2017","format":false,"excerpt":"Hier findet Ihr (kurze) Vorstellung unserer AutorInnen und RubrikenbetreuerInnen. Siat Ich bin seit 2003 im Internet und der heidnischen \"Szene\" unterwegs, und betreibe zusammen mit meinem Mann StarFire das PanPagan-Forum.\u00a0 Vorher war ich eine kurze Weile im Mutterforum Paganforum als Moderatorin aktiv. Ich bin Reiki-Meisterin (Usui-Reiki), und verdiene mein t\u00e4gliches\u2026","rel":"","context":"\u00c4hnlicher Beitrag","block_context":{"text":"\u00c4hnlicher Beitrag","link":""},"img":{"alt_text":"","src":"https:\/\/i0.wp.com\/www.panpagan.com\/forum_neu\/ppwp\/wp-content\/uploads\/2017\/01\/DannyExamen3.jpg?resize=350%2C200&ssl=1","width":350,"height":200,"srcset":"https:\/\/i0.wp.com\/www.panpagan.com\/forum_neu\/ppwp\/wp-content\/uploads\/2017\/01\/DannyExamen3.jpg?resize=350%2C200&ssl=1 1x, https:\/\/i0.wp.com\/www.panpagan.com\/forum_neu\/ppwp\/wp-content\/uploads\/2017\/01\/DannyExamen3.jpg?resize=525%2C300&ssl=1 1.5x, https:\/\/i0.wp.com\/www.panpagan.com\/forum_neu\/ppwp\/wp-content\/uploads\/2017\/01\/DannyExamen3.jpg?resize=700%2C400&ssl=1 2x"},"classes":[]},{"id":1000,"url":"https:\/\/www.panpagan.com\/forum_neu\/ppwp\/ueber-sicht-schamanenwelt\/","url_meta":{"origin":15,"position":1},"title":"\u00dcber-Sicht Schamanenwelt","author":"admin101","date":"27. M\u00e4rz 2016","format":false,"excerpt":"Der oder die Schamane_In ist ein Wanderer zwischen den Welten. Ein_e Reisende_r zwischen der diesseitigen und den jenseitigen Welten, begleitet von anderweltlichen Verb\u00fcndeten, um verschiedenste Aufgaben zu meistern. Der Schamanismus ist eine der \u00e4ltesten und urspr\u00fcnglichsten Formen der Spiritualit\u00e4t und ja, auch der (ganzheitlichen) Heilung, und findet sich in unterschiedlichsten\u2026","rel":"","context":"\u00c4hnlicher Beitrag","block_context":{"text":"\u00c4hnlicher Beitrag","link":""},"img":{"alt_text":"","src":"https:\/\/i0.wp.com\/www.panpagan.com\/forum_neu\/ppwp\/wp-content\/uploads\/2016\/03\/representation-of-the-Tengriist.jpg?resize=350%2C200&ssl=1","width":350,"height":200,"srcset":"https:\/\/i0.wp.com\/www.panpagan.com\/forum_neu\/ppwp\/wp-content\/uploads\/2016\/03\/representation-of-the-Tengriist.jpg?resize=350%2C200&ssl=1 1x, https:\/\/i0.wp.com\/www.panpagan.com\/forum_neu\/ppwp\/wp-content\/uploads\/2016\/03\/representation-of-the-Tengriist.jpg?resize=525%2C300&ssl=1 1.5x"},"classes":[]},{"id":48,"url":"https:\/\/www.panpagan.com\/forum_neu\/ppwp\/netzwerk\/","url_meta":{"origin":15,"position":2},"title":"Netzwerk","author":"PanPagan-Team","date":"21. September 2014","format":false,"excerpt":"Neben den Kontaktm\u00f6glichkeiten im Forum m\u00f6chten wir gerne eine M\u00f6glichkeit anbieten, ein Netzwerk zu kn\u00fcpfen. Was Ihr daf\u00fcr tun m\u00fcsst, ist ganz einfach: Unsere Forenregeln und ANB\u00b4s durchlesen, da diese auch f\u00fcr dieses Blog gelten! Uns eine Nachricht \u00fcber eine der im Impressum erw\u00e4hnten M\u00f6glichkeiten oder \u00fcber Facebook zukommen lassen,\u2026","rel":"","context":"\u00c4hnlicher Beitrag","block_context":{"text":"\u00c4hnlicher Beitrag","link":""},"img":{"alt_text":"","src":"https:\/\/i0.wp.com\/geistertrommel.de\/trommel\/bilder\/geisterrommelhand.jpg?resize=350%2C200","width":350,"height":200},"classes":[]},{"id":854,"url":"https:\/\/www.panpagan.com\/forum_neu\/ppwp\/ueber-sicht-3\/","url_meta":{"origin":15,"position":3},"title":"\u00dcber-Sicht Kelch und Stab","author":"Redaktion","date":"28. Juni 2015","format":false,"excerpt":"Wicca ist eine relativ junge heidnische Religion, die in den 1950ger Jahren von Gerald B. Gardner begr\u00fcndet wurde, und heute zur Gruppe der am st\u00e4rksten wachsenden Religionen geh\u00f6rt. Eng Verbunden mit Wicca ist das Hexentum, auch wenn nicht jede\/r Wicca gleich Hexe\/r und vor allen Dingen nicht jede\/r Hexe\/r gleich\u2026","rel":"","context":"\u00c4hnlicher Beitrag","block_context":{"text":"\u00c4hnlicher Beitrag","link":""},"img":{"alt_text":"","src":"https:\/\/i0.wp.com\/www.panpagan.com\/forum_neu\/ppwp\/wp-content\/uploads\/2015\/06\/Triple_Moon_Goddess_by_HeroOrMonster.jpg?resize=350%2C200&ssl=1","width":350,"height":200,"srcset":"https:\/\/i0.wp.com\/www.panpagan.com\/forum_neu\/ppwp\/wp-content\/uploads\/2015\/06\/Triple_Moon_Goddess_by_HeroOrMonster.jpg?resize=350%2C200&ssl=1 1x, https:\/\/i0.wp.com\/www.panpagan.com\/forum_neu\/ppwp\/wp-content\/uploads\/2015\/06\/Triple_Moon_Goddess_by_HeroOrMonster.jpg?resize=525%2C300&ssl=1 1.5x"},"classes":[]},{"id":1038,"url":"https:\/\/www.panpagan.com\/forum_neu\/ppwp\/ueber-sicht-im-allerheilgsten\/","url_meta":{"origin":15,"position":4},"title":"\u00dcber-Sicht Im Allerheilgsten","author":"admin101","date":"27. M\u00e4rz 2016","format":false,"excerpt":"Die kultische Verehrung von G\u00f6ttinnen und G\u00f6ttern hat zu allen Zeiten bereits eine wesentliche Rolle in den V\u00f6lkern der Welt gespielt, und spielt es im heutigen Heidentum in vielfacher Weise wieder.\u00a0 Sei es im privaten, aber auch im \u00f6ffentlichen Rahmen. Mit welchen Ritualen k\u00f6nnen die G\u00f6ttlichen geehrt werden? Wie k\u00f6nnen\u2026","rel":"","context":"\u00c4hnlicher Beitrag","block_context":{"text":"\u00c4hnlicher Beitrag","link":""},"img":{"alt_text":"","src":"","width":0,"height":0},"classes":[]},{"id":994,"url":"https:\/\/www.panpagan.com\/forum_neu\/ppwp\/ueber-sicht-tanz-des-gruenen-mannes\/","url_meta":{"origin":15,"position":5},"title":"\u00dcber-Sicht Tanz des Gr\u00fcnen Mannes","author":"admin101","date":"27. M\u00e4rz 2016","format":false,"excerpt":"Die spirituelle Reise der M\u00e4nner hin zu ihren Mysterien, zu ihrer Magie und ihrer Spiritualit\u00e4t, frei von Vorgaben, Zw\u00e4ngen und Regeln der abrahaminischen Religionen hat grade erst begonnen. Hier findet Ihr Artikel zu den Themen. \u00a0","rel":"","context":"\u00c4hnlicher Beitrag","block_context":{"text":"\u00c4hnlicher Beitrag","link":""},"img":{"alt_text":"","src":"https:\/\/i0.wp.com\/www.panpagan.com\/forum_neu\/ppwp\/wp-content\/uploads\/2016\/03\/100_3674-e1459037329727.jpg?resize=350%2C200&ssl=1","width":350,"height":200,"srcset":"https:\/\/i0.wp.com\/www.panpagan.com\/forum_neu\/ppwp\/wp-content\/uploads\/2016\/03\/100_3674-e1459037329727.jpg?resize=350%2C200&ssl=1 1x, https:\/\/i0.wp.com\/www.panpagan.com\/forum_neu\/ppwp\/wp-content\/uploads\/2016\/03\/100_3674-e1459037329727.jpg?resize=525%2C300&ssl=1 1.5x, https:\/\/i0.wp.com\/www.panpagan.com\/forum_neu\/ppwp\/wp-content\/uploads\/2016\/03\/100_3674-e1459037329727.jpg?resize=700%2C400&ssl=1 2x, https:\/\/i0.wp.com\/www.panpagan.com\/forum_neu\/ppwp\/wp-content\/uploads\/2016\/03\/100_3674-e1459037329727.jpg?resize=1050%2C600&ssl=1 3x, https:\/\/i0.wp.com\/www.panpagan.com\/forum_neu\/ppwp\/wp-content\/uploads\/2016\/03\/100_3674-e1459037329727.jpg?resize=1400%2C800&ssl=1 4x"},"classes":[]}],"_links":{"self":[{"href":"https:\/\/www.panpagan.com\/forum_neu\/ppwp\/wp-json\/wp\/v2\/pages\/15","targetHints":{"allow":["GET"]}}],"collection":[{"href":"https:\/\/www.panpagan.com\/forum_neu\/ppwp\/wp-json\/wp\/v2\/pages"}],"about":[{"href":"https:\/\/www.panpagan.com\/forum_neu\/ppwp\/wp-json\/wp\/v2\/types\/page"}],"author":[{"embeddable":true,"href":"https:\/\/www.panpagan.com\/forum_neu\/ppwp\/wp-json\/wp\/v2\/users\/4"}],"replies":[{"embeddable":true,"href":"https:\/\/www.panpagan.com\/forum_neu\/ppwp\/wp-json\/wp\/v2\/comments?post=15"}],"version-history":[{"count":8,"href":"https:\/\/www.panpagan.com\/forum_neu\/ppwp\/wp-json\/wp\/v2\/pages\/15\/revisions"}],"predecessor-version":[{"id":1134,"href":"https:\/\/www.panpagan.com\/forum_neu\/ppwp\/wp-json\/wp\/v2\/pages\/15\/revisions\/1134"}],"wp:featuredmedia":[{"embeddable":true,"href":"https:\/\/www.panpagan.com\/forum_neu\/ppwp\/wp-json\/wp\/v2\/media\/1136"}],"wp:attachment":[{"href":"https:\/\/www.panpagan.com\/forum_neu\/ppwp\/wp-json\/wp\/v2\/media?parent=15"}],"curies":[{"name":"wp","href":"https:\/\/api.w.org\/{rel}","templated":true}]}}