{"id":13,"date":"2014-09-20T12:45:03","date_gmt":"2014-09-20T10:45:03","guid":{"rendered":"http:\/\/www.panpagan.com\/forum_neu\/ppwp\/?page_id=13"},"modified":"2017-01-22T17:12:55","modified_gmt":"2017-01-22T15:12:55","slug":"impressum-disclaimer","status":"publish","type":"page","link":"https:\/\/www.panpagan.com\/forum_neu\/ppwp\/impressum-disclaimer\/","title":{"rendered":"Impressum, Disclaimer &#038; Urheberrecht"},"content":{"rendered":"<div style=\"text-align: center;\">\u00a0<b>Verantworlich f\u00fcr diese Seite:<br \/>\n<\/b>Webmaster: Heiko Humbert (StarFire)<br \/>\nAdmin: Daniela Humbert (Siat)<\/div>\n<div style=\"text-align: center;\">Salzstra\u00dfe 8<br \/>\nD-90763 F\u00fcrth<\/div>\n<div style=\"text-align: center;\"><\/div>\n<div style=\"text-align: center;\">Kontakt:<br \/>\nE-Mail-Adresse: <a href=\"mailto:kontakt@panpagan.com\">kontakt@panpagan.com<br \/>\n<\/a>Telefon: +49 (0) 911 &#8211; 745026<\/div>\n<div>\n<p style=\"text-align: center;\"><a href=\"http:\/\/www.panpagan.com\/forum_neu\">PanPagan-Forum<br \/>\n<\/a><a href=\"https:\/\/www.facebook.com\/PanPagan\">Facebook<\/a><\/p>\n<hr \/>\n<p style=\"text-align: center;\"><b>Urheberrecht<\/b><br \/>\n<span style=\"color: #ff0000;\"><b>Die Inhalte dieser Internetpr\u00e4senz sind urheberrechtlich gesch\u00fctzt und d\u00fcrfen nur nach vorheriger R\u00fccksprache per eMail und unter Nennung des entsprechenden Nicks (auch auszugsweise) und\/oder anderweitig zur Verf\u00fcgung gestellt werden!<\/b><\/span><\/p>\n<p style=\"text-align: center;\"><a href=\"http:\/\/creativecommons.org\/licenses\/by-nc-nd\/3.0\/deed.de\" rel=\"license\"><img decoding=\"async\" src=\"http:\/\/i.creativecommons.org\/l\/by-nc-nd\/3.0\/88x31.png\" alt=\"Creative Commons Lizenzvertrag\" \/><\/a><br \/>\nSoweit nicht anders angegeben stehen die Inhalte dieses Blogs unter einer <a href=\"http:\/\/creativecommons.org\/licenses\/by-nc-nd\/3.0\/deed.de\" rel=\"license\">Creative Commons Namensnennung-Nicht Kommerziell-Keine Bearbeitung 3.0 Unported Lizenz<\/a>.<br \/>\n\u00dcber diese Lizenz hinausgehende Erlaubnisse k\u00f6nnt Ihr unter <a href=\"siat@panpagan.de\" rel=\"cc:morePermissions\">kontakt@panpagan.com<\/a> erhalten.<\/p>\n<p><b>Urheberrecht Dritter<br \/>\n<\/b>F\u00fcr Beitr\u00e4ge, die nicht vom Team des PanPagan-Forums oder den Administratoren verfasst wurden, liegt das Urheberrecht bei den jeweiligen Autoren.<\/p>\n<p>M\u00f6chtet Ihr Inhalte von Gast-Autoren bzw. Mitgliedern des Forums verwenden, bitten wir darum, dass Ihr Euch im Forum anmeldet und den Kontakt zum entsprechenden Benutzer aufnehmt, oder Euch mit den Admins in Verbindung setzt. Wir helfen Euch dann dabei, den entsprechenden Kontakt herzustellen.<\/p>\n<p>Bei Inhalten Dritter, die nicht Mitglieder des Forums sind, bem\u00fchen wir uns bestem Wissen und Gewissen,\u00a0 den Urheber festzustellen und zu nennen.<br \/>\nIst es uns nicht m\u00f6glich, diese ausfindig zu machen und wir halten es dennoch f\u00fcr angemessen, den Inhalt zu teilen, wird es ausdr\u00fccklich mit dem Vermerk: <b>Urheber unbekannt <\/b>kenntlich gemacht.<\/p>\n<p>Sollten wir dadurch dennoch versehentlich die Rechte Dritter verletzt werden, oder uns falsche Informationen zur Urheberschaft eines fremden Inhaltes vorliegen, so bitten wir darum, uns unter den obig angegebenen Kontaktm\u00f6glichkeiten davon in Kenntnis zu setzten.<br \/>\n<strong>Die entsprechenden Inhalte werden selbstverst\u00e4ndlich entsprechend ge\u00e4ndert oder vom Blog entfern!<\/strong><\/p>\n<\/div>\n<hr \/>\n<p style=\"text-align: left;\"><b>Haftungshinweis:<\/p>\n<p><span style=\"color: #ff0000;\"><em>Die Ver\u00f6ffentlichungen in diesem Blog m\u00fcssen nicht die Meinung und Ansichten der Seitenbetreiber wiederspiegeln!<\/em><\/span><\/p>\n<p><\/b>Wir \u00fcbernehmen keine Haftung f\u00fcr die Inhalte externer Links.<br \/>\nF\u00fcr den Inhalt der verlinkten Seiten sind ausschlie\u00dflich deren Betreiber selbst verantwortlich.<br \/>\nAlle Warenzeichen, Produktabbildungen, Produktbeschreibungen sowie Internetadressen sind Eigentum der jeweiligen Inhaber.<\/p>\n<p>Wir \u00fcbernehmen dar\u00fcberhinaus keinerlei Gew\u00e4hr f\u00fcr die Aktualit\u00e4t, Korrektheit, Vollst\u00e4ndigkeit oder Qualit\u00e4t der bereitgestellten Informationen.<\/p>\n<p>Haftungsanspr\u00fcche gegen uns, die Betreiber des Blog und des PanPagan-Forums, oder unsere Mitarbeiter bzw. Autoren,\u00a0 die sich auf Sch\u00e4den materieller oder ideeller Art beziehen, welche durch die Nutzung oder Nichtnutzung der dargebotenen Informationen bzw. durch die Nutzung fehlerhafter und unvollst\u00e4ndiger Informationen verursacht wurden sind grunds\u00e4tzlich ausgeschlossen, sofern unsererseits kein nachweislich vors\u00e4tzliches oder grob fahrl\u00e4ssiges Verschulden vorliegt.<\/p>\n<p>Alle Angebote und Angaben sind freibleibend und unverbindlich.<\/p>\n<p>Wir, die Betreiber des PanPagan-Forums, behalte es uns ausdr\u00fccklich vor, Teile der Seiten oder das gesamte Angebot ohne gesonderte Ank\u00fcndigung zu ver\u00e4ndern, zu erg\u00e4nzen, zu l\u00f6schen oder die Ver\u00f6ffentlichung zeitweise oder endg\u00fcltig einzustellen.<\/p>\n","protected":false},"excerpt":{"rendered":"<p>\u00a0Verantworlich f\u00fcr diese Seite: Webmaster: Heiko Humbert (StarFire) Admin: Daniela Humbert (Siat) Salzstra\u00dfe 8 D-90763 F\u00fcrth Kontakt: E-Mail-Adresse: kontakt@panpagan.com Telefon: +49 (0) 911 &#8211; 745026 PanPagan-Forum Facebook Urheberrecht Die Inhalte dieser Internetpr\u00e4senz sind urheberrechtlich gesch\u00fctzt und d\u00fcrfen nur nach vorheriger R\u00fccksprache per eMail und unter Nennung des entsprechenden Nicks (auch auszugsweise) und\/oder anderweitig zur Verf\u00fcgung &hellip; <a href=\"https:\/\/www.panpagan.com\/forum_neu\/ppwp\/impressum-disclaimer\/\" class=\"more-link\"><span class=\"screen-reader-text\">Impressum, Disclaimer &#038; Urheberrecht<\/span> weiterlesen <span class=\"meta-nav\">&rarr;<\/span><\/a><\/p>\n","protected":false},"author":4,"featured_media":0,"parent":0,"menu_order":0,"comment_status":"open","ping_status":"open","template":"","meta":{"jetpack_post_was_ever_published":false,"footnotes":""},"class_list":["post-13","page","type-page","status-publish","hentry"],"jetpack_sharing_enabled":true,"jetpack_shortlink":"https:\/\/wp.me\/P55jil-d","jetpack_likes_enabled":true,"jetpack-related-posts":[{"id":1022,"url":"https:\/\/www.panpagan.com\/forum_neu\/ppwp\/ueber-sicht-am-anfang\/","url_meta":{"origin":13,"position":0},"title":"\u00dcber-Sicht Am Anfang","author":"admin101","date":"27. M\u00e4rz 2016","format":false,"excerpt":"\"Jede Reise beginnt mit einem ersten Schritt\" hei\u00dft ein Sprichwort. So ist es auch f\u00fcr Interssierte und f\u00fcr Suchende im sprituell-magisch-religi\u00f6sen Bereich. Und ebenso kann jeder Anfang sich als schwierig erweisen. Besonders, wenn einem die schiere F\u00fclle von Informationen zu \u00fcberfluten und zu erschlagen droht. Worauf muss ich achten, wenn\u2026","rel":"","context":"\u00c4hnlicher Beitrag","block_context":{"text":"\u00c4hnlicher Beitrag","link":""},"img":{"alt_text":"","src":"","width":0,"height":0},"classes":[]},{"id":1098,"url":"https:\/\/www.panpagan.com\/forum_neu\/ppwp\/ueber-uns\/autorinnen-und-rubrikenbetreuerinnen-des-blogs\/","url_meta":{"origin":13,"position":1},"title":"AutorInnen und RubrikenbetreuerInnen des Blogs","author":"Redaktion","date":"22. Januar 2017","format":false,"excerpt":"Hier findet Ihr (kurze) Vorstellung unserer AutorInnen und RubrikenbetreuerInnen. Siat Ich bin seit 2003 im Internet und der heidnischen \"Szene\" unterwegs, und betreibe zusammen mit meinem Mann StarFire das PanPagan-Forum.\u00a0 Vorher war ich eine kurze Weile im Mutterforum Paganforum als Moderatorin aktiv. Ich bin Reiki-Meisterin (Usui-Reiki), und verdiene mein t\u00e4gliches\u2026","rel":"","context":"\u00c4hnlicher Beitrag","block_context":{"text":"\u00c4hnlicher Beitrag","link":""},"img":{"alt_text":"","src":"https:\/\/i0.wp.com\/www.panpagan.com\/forum_neu\/ppwp\/wp-content\/uploads\/2017\/01\/DannyExamen3.jpg?resize=350%2C200&ssl=1","width":350,"height":200,"srcset":"https:\/\/i0.wp.com\/www.panpagan.com\/forum_neu\/ppwp\/wp-content\/uploads\/2017\/01\/DannyExamen3.jpg?resize=350%2C200&ssl=1 1x, https:\/\/i0.wp.com\/www.panpagan.com\/forum_neu\/ppwp\/wp-content\/uploads\/2017\/01\/DannyExamen3.jpg?resize=525%2C300&ssl=1 1.5x, https:\/\/i0.wp.com\/www.panpagan.com\/forum_neu\/ppwp\/wp-content\/uploads\/2017\/01\/DannyExamen3.jpg?resize=700%2C400&ssl=1 2x"},"classes":[]},{"id":1040,"url":"https:\/\/www.panpagan.com\/forum_neu\/ppwp\/ueber-sicht-gnostischer-kreis\/","url_meta":{"origin":13,"position":2},"title":"\u00dcber-Sicht Gnostischer Kreis","author":"admin101","date":"27. M\u00e4rz 2016","format":false,"excerpt":"Die G\u00f6ttlichen sind nicht irgendwelche fernen Wesen, sondern k\u00f6nnen von jedem\/r Einzelnen erfahren und erlebt werden. Pers\u00f6nliche Erlebnisse mit und pers\u00f6nliche Erkenntnisse durch die G\u00f6ttlichen geh\u00f6ren zu einer gelebten Spiritualit\u00e4t und\/oder Religion untrennbar dazu. Wie k\u00f6nnen G\u00f6tter und\/oder G\u00f6ttinnen erlebt werden? Wie k\u00f6nnen Sie sich offenbar oder\/und mit uns kommunzieren?\u2026","rel":"","context":"\u00c4hnlicher Beitrag","block_context":{"text":"\u00c4hnlicher Beitrag","link":""},"img":{"alt_text":"","src":"","width":0,"height":0},"classes":[]},{"id":15,"url":"https:\/\/www.panpagan.com\/forum_neu\/ppwp\/ueber-uns\/","url_meta":{"origin":13,"position":3},"title":"\u00dcber uns","author":"PanPagan-Team","date":"20. September 2014","format":false,"excerpt":"Das PanPagan ist eine bunt gemischte Community, in der wir uns vor allen Dingen mit dem Thema (Neu)Heidentum, in allen seinen verschiedenen Facetten, mit seinen bunt gemischten Weltanschauungen, Weltbildern und relig\u00f6s-spirituellen Pfaden, besch\u00e4ftigen Unseren Themenbereiche sind dabei naturgem\u00e4\u00df sehr breit aufgestellt und umfassen neben europ\u00e4ischen Religionen und Weltanschauungen (germanisch, keltisch-druidisch,\u2026","rel":"","context":"\u00c4hnlicher Beitrag","block_context":{"text":"\u00c4hnlicher Beitrag","link":""},"img":{"alt_text":"","src":"","width":0,"height":0},"classes":[]},{"id":1000,"url":"https:\/\/www.panpagan.com\/forum_neu\/ppwp\/ueber-sicht-schamanenwelt\/","url_meta":{"origin":13,"position":4},"title":"\u00dcber-Sicht Schamanenwelt","author":"admin101","date":"27. M\u00e4rz 2016","format":false,"excerpt":"Der oder die Schamane_In ist ein Wanderer zwischen den Welten. Ein_e Reisende_r zwischen der diesseitigen und den jenseitigen Welten, begleitet von anderweltlichen Verb\u00fcndeten, um verschiedenste Aufgaben zu meistern. Der Schamanismus ist eine der \u00e4ltesten und urspr\u00fcnglichsten Formen der Spiritualit\u00e4t und ja, auch der (ganzheitlichen) Heilung, und findet sich in unterschiedlichsten\u2026","rel":"","context":"\u00c4hnlicher Beitrag","block_context":{"text":"\u00c4hnlicher Beitrag","link":""},"img":{"alt_text":"","src":"https:\/\/i0.wp.com\/www.panpagan.com\/forum_neu\/ppwp\/wp-content\/uploads\/2016\/03\/representation-of-the-Tengriist.jpg?resize=350%2C200&ssl=1","width":350,"height":200,"srcset":"https:\/\/i0.wp.com\/www.panpagan.com\/forum_neu\/ppwp\/wp-content\/uploads\/2016\/03\/representation-of-the-Tengriist.jpg?resize=350%2C200&ssl=1 1x, https:\/\/i0.wp.com\/www.panpagan.com\/forum_neu\/ppwp\/wp-content\/uploads\/2016\/03\/representation-of-the-Tengriist.jpg?resize=525%2C300&ssl=1 1.5x"},"classes":[]},{"id":1014,"url":"https:\/\/www.panpagan.com\/forum_neu\/ppwp\/ueber-sicht-im-schatten-der-eiche\/","url_meta":{"origin":13,"position":5},"title":"\u00dcber-Sicht Im Schatten der Eiche","author":"admin101","date":"27. M\u00e4rz 2016","format":false,"excerpt":"Die Eiche, so erz\u00e4hlt man, ist eine der hochverehrtesten B\u00e4ume der keltischen St\u00e4mme, sowohl auf dem Festland als auch auf den Inseln Britanniens und Irlands. In ihren Hainen sollen Druiden ihre Rituale gehalten und ihren G\u00f6ttern und G\u00f6ttinnen geopfert haben. Wir laden Euch ein, Euch im Schatten der Eiche nieder\u2026","rel":"","context":"\u00c4hnlicher Beitrag","block_context":{"text":"\u00c4hnlicher Beitrag","link":""},"img":{"alt_text":"","src":"https:\/\/i0.wp.com\/www.panpagan.com\/forum_neu\/ppwp\/wp-content\/uploads\/2016\/03\/100_7174-e1459079214642.jpg?resize=350%2C200&ssl=1","width":350,"height":200,"srcset":"https:\/\/i0.wp.com\/www.panpagan.com\/forum_neu\/ppwp\/wp-content\/uploads\/2016\/03\/100_7174-e1459079214642.jpg?resize=350%2C200&ssl=1 1x, https:\/\/i0.wp.com\/www.panpagan.com\/forum_neu\/ppwp\/wp-content\/uploads\/2016\/03\/100_7174-e1459079214642.jpg?resize=525%2C300&ssl=1 1.5x, https:\/\/i0.wp.com\/www.panpagan.com\/forum_neu\/ppwp\/wp-content\/uploads\/2016\/03\/100_7174-e1459079214642.jpg?resize=700%2C400&ssl=1 2x, https:\/\/i0.wp.com\/www.panpagan.com\/forum_neu\/ppwp\/wp-content\/uploads\/2016\/03\/100_7174-e1459079214642.jpg?resize=1050%2C600&ssl=1 3x, https:\/\/i0.wp.com\/www.panpagan.com\/forum_neu\/ppwp\/wp-content\/uploads\/2016\/03\/100_7174-e1459079214642.jpg?resize=1400%2C800&ssl=1 4x"},"classes":[]}],"_links":{"self":[{"href":"https:\/\/www.panpagan.com\/forum_neu\/ppwp\/wp-json\/wp\/v2\/pages\/13","targetHints":{"allow":["GET"]}}],"collection":[{"href":"https:\/\/www.panpagan.com\/forum_neu\/ppwp\/wp-json\/wp\/v2\/pages"}],"about":[{"href":"https:\/\/www.panpagan.com\/forum_neu\/ppwp\/wp-json\/wp\/v2\/types\/page"}],"author":[{"embeddable":true,"href":"https:\/\/www.panpagan.com\/forum_neu\/ppwp\/wp-json\/wp\/v2\/users\/4"}],"replies":[{"embeddable":true,"href":"https:\/\/www.panpagan.com\/forum_neu\/ppwp\/wp-json\/wp\/v2\/comments?post=13"}],"version-history":[{"count":7,"href":"https:\/\/www.panpagan.com\/forum_neu\/ppwp\/wp-json\/wp\/v2\/pages\/13\/revisions"}],"predecessor-version":[{"id":1097,"href":"https:\/\/www.panpagan.com\/forum_neu\/ppwp\/wp-json\/wp\/v2\/pages\/13\/revisions\/1097"}],"wp:attachment":[{"href":"https:\/\/www.panpagan.com\/forum_neu\/ppwp\/wp-json\/wp\/v2\/media?parent=13"}],"curies":[{"name":"wp","href":"https:\/\/api.w.org\/{rel}","templated":true}]}}