{"id":1098,"date":"2017-01-22T18:52:50","date_gmt":"2017-01-22T16:52:50","guid":{"rendered":"http:\/\/www.panpagan.com\/forum_neu\/ppwp\/?page_id=1098"},"modified":"2017-02-05T22:39:27","modified_gmt":"2017-02-05T20:39:27","slug":"autorinnen-und-rubrikenbetreuerinnen-des-blogs","status":"publish","type":"page","link":"https:\/\/www.panpagan.com\/forum_neu\/ppwp\/ueber-uns\/autorinnen-und-rubrikenbetreuerinnen-des-blogs\/","title":{"rendered":"AutorInnen und RubrikenbetreuerInnen des Blogs"},"content":{"rendered":"<p>Hier findet Ihr (kurze) Vorstellung unserer AutorInnen und RubrikenbetreuerInnen.<\/p>\n<p><a href=\"https:\/\/www.panpagan.com\/forum_neu\/ppwp\/wp-content\/uploads\/2017\/01\/DannyExamen3.jpg\"><img loading=\"lazy\" decoding=\"async\" class=\" wp-image-1122 alignleft\" src=\"https:\/\/www.panpagan.com\/forum_neu\/ppwp\/wp-content\/uploads\/2017\/01\/DannyExamen3.jpg\" alt=\"\" width=\"231\" height=\"223\" srcset=\"https:\/\/www.panpagan.com\/forum_neu\/ppwp\/wp-content\/uploads\/2017\/01\/DannyExamen3.jpg 900w, https:\/\/www.panpagan.com\/forum_neu\/ppwp\/wp-content\/uploads\/2017\/01\/DannyExamen3-300x290.jpg 300w, https:\/\/www.panpagan.com\/forum_neu\/ppwp\/wp-content\/uploads\/2017\/01\/DannyExamen3-768x743.jpg 768w\" sizes=\"auto, (max-width: 231px) 100vw, 231px\" \/><\/a><strong>Siat<br \/>\n<\/strong>Ich bin seit 2003 im Internet und der heidnischen &#8222;Szene&#8220; unterwegs, und betreibe zusammen mit meinem Mann StarFire das PanPagan-Forum.\u00a0 Vorher war ich eine kurze Weile im Mutterforum Paganforum als Moderatorin aktiv. Ich bin Reiki-Meisterin (Usui-Reiki), und verdiene mein t\u00e4gliches Brot als Physio-und Lymphtherapeutin.<\/p>\n<p><strong>Spiritueller Weg:<br \/>\n<\/strong>Aufgewachsen als Enkelin eines christlichen Priesters im <a href=\"https:\/\/de.wikipedia.org\/wiki\/Apostelamt_Jesu_Christi\">Apostelamt Jesu Christi,<\/a> hatte ich das unglaubliche Gl\u00fcck, das G\u00f6ttliche in verschiedenen Facetten erleben zu d\u00fcrfen. Interessanter Weise war die &#8222;Form&#8220;, in der ich &#8222;Gott&#8220; erlebte, eigentlich schon immer eher &#8222;weiblicher&#8220; Natur gewesen, und ich erlebte Sie-Ihn nicht nur w\u00e4hrend der Gottesdienste, sondern z.B. auch drau\u00dfen in der Natur.<br \/>\nMit etwa 12 Jahren h\u00f6rte ich das erste Mal den Ruf der G\u00f6ttin, damals in der Gestalt der kemetischen G\u00f6ttinnen Aset, Nebet-Het, Serqet und Het-heru, f\u00fcr die ich, mit den M\u00f6glichkeiten, die mir als Teenager zur Verf\u00fcgung standen, eigene kleine Rituale (re)konstruierte.<br \/>\nDie Groschenromane um den &#8222;Geisterj\u00e4ger John Sinclair&#8220; waren es dann schlie\u00dflich, die mein Interesse an den Themen &#8222;Magie&#8220; und &#8222;Hexentum&#8220; weckten, und mich zu verschiedenen &#8222;Experimenten&#8220; animierten. Dabei f\u00fchrte mich in erster Linie der (kindliche) Gedanke: &#8222;Was an den schwarzmagischen Ritualen geschildert wird, k\u00f6nnte doch auch funktionieren, wenn man es mit wei\u00dfmagischen Elementen f\u00fcllt. Dh. statt eines D\u00e4mons, einen Engel ruft&#8230;&#8220;<br \/>\nWas soll ich sagen&#8230; Es funktionierte&#8230;<br \/>\nSp\u00e4ter, nachdem ich nach einigen sehr intensiven und etwas&#8230; &#8222;erschreckenden&#8220; Erlebnissen wieder ins Christentum zur\u00fcck &#8222;gefl\u00fcchtet&#8220; war, f\u00fchrte dann jedoch der Weg \u00fcber das (Neu)Hexentum, Kelten und (Neo)Druidentum , G\u00f6ttinnenspiritualit\u00e4t hin zu meinem heutigen Pfad.<br \/>\nIch habe (derzeit) keinen Namen daf\u00fcr, aber er vereint keltisch-druidisches und kemetisches Heidentum, Shaktismus, G\u00f6ttinnenspiritualit\u00e4t und Schamanismus.<br \/>\nMein Erleben des G\u00f6ttlichen in Seinen unz\u00e4hligen Formen und Gestalten hat mich zu dem Gewahrsein gebracht, dass es f\u00fcr uns Menschen keine letztendliche Geweissheit, und keine allumfassende, f\u00fcr ALLE g\u00fcltige Wahrheit gibt.<br \/>\nEines der Gr\u00fcnde, warum ich interrelig\u00f6sen Diaglog und die Verst\u00e4ndigung zwischen den einzelnen verschiedenen religi\u00f6s-spirituellen und\/oder weltanschaulichen Pfaden so wichtig finde.<\/p>\n<hr \/>\n<p><strong><a href=\"https:\/\/www.panpagan.com\/forum_neu\/ppwp\/wp-content\/uploads\/2017\/01\/MeriGlyphe1.png\"><img loading=\"lazy\" decoding=\"async\" class=\"size-full wp-image-1123 alignleft\" src=\"https:\/\/www.panpagan.com\/forum_neu\/ppwp\/wp-content\/uploads\/2017\/01\/MeriGlyphe1.png\" alt=\"\" width=\"147\" height=\"244\" \/><\/a><\/strong><\/p>\n<p><strong>Merienptah<\/strong><br \/>\nHoherpriester der thebanischen Trias (Amun, Mut und Chons) in einem Tempel in NRW.<\/p>\n<p><strong>Rubrik: An den Ufern des Nils<\/strong><\/p>\n<p>&nbsp;<\/p>\n<p>&nbsp;<\/p>\n<hr \/>\n<p><img loading=\"lazy\" decoding=\"async\" class=\" alignleft\" src=\"http:\/\/www.sternenkreis.de\/images\/sk-neu2.jpg\" width=\"148\" height=\"159\" \/><strong>Ishtar <span class=\"_5yl5\">vom Sternenkreis<br \/>\n<\/span><\/strong><span class=\"_5yl5\">Ich wandle seit \u00fcber 20 Jahren auf paganen Wegen und betreibe seit 2002 die Sternenkreis Homepage.<br \/>\nMein spiritueller Weg war zu Beginn vor allem vom freifliegenden Wicca und den Westlichen Mysterien (SOL) beeinflusst, sp\u00e4ter Druidcraft und zuletzt bin ich komplett im Druidentum, \u00c1r nDra\u00edocht f\u00e9in (ADF), gelandet.<br \/>\nIch bin bei der SOL noch als Supervisorin t\u00e4tig und beim ADF als Hainorganisatorin und Regional Druidin f\u00fcr Europa.<br \/>\nAls Mutter von zwei Kindern spielt Pagan Parenting f\u00fcr mich nat\u00fcrlich auch eine sehr gro\u00dfe Rolle.<\/span><\/p>\n<hr \/>\n<figure style=\"width: 151px\" class=\"wp-caption alignleft\"><img loading=\"lazy\" decoding=\"async\" class=\"\" src=\"http:\/\/www.tunritha.de\/Anette.jpg\" width=\"151\" height=\"170\" \/><figcaption class=\"wp-caption-text\">\u00a9 Anette Baumgarten<\/figcaption><\/figure>\n<p><strong>Tunritha (Anette Baumgarten)<\/strong><br \/>\nGeboren wurde ich 1976 in Norddeutschland, und lebe heute mit meiner Familie auch wieder im Norden, bei Bremen.<br \/>\nHier lebe ich mit meinem Mann, meinem Sohn sowie zwei Katzen und einem Hund in einem kleinen Haus mit gro\u00dfem Garten in l\u00e4ndlicher Umgebung.<\/p>\n<p>Nach dem Abitur habe ich zun\u00e4chst P\u00e4dagogik und sp\u00e4ter Arch\u00e4ologie und Religionswissenschaft studiert.<br \/>\nMein Weg ins Schamanentum begann bereits als Kind und Jugendliche. So lernte ich bereits in meiner Jugend verschiedenste magische, heilkundliche und esoterische Wege kennen.<br \/>\nHandauflegen, Kartenlegen, traditionelles Besprechen\u2026.<br \/>\nSp\u00e4ter machte ich verschiedene Ausbildungen in den unterschiedlichsten Richtungen.<br \/>\nSo experimentierte ich mit dem modernem Hexentum, Hoodoo, Druidentum, Meditation, Kr\u00e4uterkunde, Yoga und noch so einigem mehr\u2026<br \/>\nMein spirituelles Zuhause fand ich jedoch als ich mein erstes (core) schamanisches Basis-Seminar absolvierte.<br \/>\nAu\u00dfer meinem Mann und meinem Kind hat nichts mein Leben so stark ver\u00e4ndert, bereichert und vollkommen durchdrungen wie der Schamanismus.<br \/>\nSeit meinen ersten Reisen versp\u00fcre ich das starke Gef\u00fchl endlich zu Hause angekommen zu sein. Ein Leben ohne schamanische Praxis, ohne Geister und Verb\u00fcndete aus der Anderswelt, kann ich mir kaum noch vorstellen.<\/p>\n<p>Als Teil meiner Aufgabe heute betrachte ich es, den Ansto\u00df, den ich bzw. wir Alle, aus den\u00a0 unterschiedlichsten Richtungen, auch von den gro\u00dfen indigenen Schamanen unserer Zeit bekamen, nun zu transformieren und einen indigenen, europ\u00e4ischen und zeitgem\u00e4\u00dfen Schamanismus zu entwickeln &#8211; und vor allem auch zu leben.\u00a0 Einen\u00a0 praktischen und praktikablen Schamanismus der uns dabei hilft, die Welt aufs neue und zum Nutzen all ihrer Bewohner zu verzaubern.\u00a0 Von besonderer Bedeutung ist dabei f\u00fcr mich der Weg und die Kraft der Runen, einer der kraftvollsten Einweihungswege Europas.<\/p>\n<p>Sehr gerne gebe ich dieses Gef\u00fchl, diese Kraft und den Zauber den die schamanische Arbeit in mein Leben brachte weiter, denn gelebter und praktischer Schamanismus ist vor allem auch spirituelle Selbsterm\u00e4chtigung.<\/p>\n<p>Seit einigen Jahren betreibe ich selbstst\u00e4ndig\u00a0 eine Praxis und Schule f\u00fcr modernen, europ\u00e4ischen, Schamanismus.<br \/>\nHier gebe ich sowohl schamanische Basis-Seminare f\u00fcr Einsteiger als auch Kurse f\u00fcr Fortgeschrittene.<br \/>\n<a href=\"http:\/\/www.tunritha.de\/seminare.html\">http:\/\/www.tunritha.de\/seminare.html<\/a><\/p>\n<p>Seit etwa 2011 publiziere ich zu verschiedenen, meist spirituellen, Themen in meinem Blog auf <a href=\"http:\/\/blog.tunritha.de\/\">http:\/\/blog.tunritha.de\/<\/a>\u00a0 und einigen anderen Online-Portalen.<\/p>\n<p><strong>Meine wichtigsten Lehrer sind und waren jedoch keine Menschen, sondern immer die Geister, G\u00f6tter und Ahnen, die mich auf meinem Weg begleiten.<\/strong><\/p>\n<hr \/>\n<p>&nbsp;<\/p>\n<p>&nbsp;<\/p>\n","protected":false},"excerpt":{"rendered":"<p>Hier findet Ihr (kurze) Vorstellung unserer AutorInnen und RubrikenbetreuerInnen. Siat Ich bin seit 2003 im Internet und der heidnischen &#8222;Szene&#8220; unterwegs, und betreibe zusammen mit meinem Mann StarFire das PanPagan-Forum.\u00a0 Vorher war ich eine kurze Weile im Mutterforum Paganforum als Moderatorin aktiv. Ich bin Reiki-Meisterin (Usui-Reiki), und verdiene mein t\u00e4gliches Brot als Physio-und Lymphtherapeutin. Spiritueller &hellip; <a href=\"https:\/\/www.panpagan.com\/forum_neu\/ppwp\/ueber-uns\/autorinnen-und-rubrikenbetreuerinnen-des-blogs\/\" class=\"more-link\"><span class=\"screen-reader-text\">AutorInnen und RubrikenbetreuerInnen des Blogs<\/span> weiterlesen <span class=\"meta-nav\">&rarr;<\/span><\/a><\/p>\n","protected":false},"author":7,"featured_media":0,"parent":15,"menu_order":0,"comment_status":"closed","ping_status":"closed","template":"","meta":{"jetpack_post_was_ever_published":false,"footnotes":""},"class_list":["post-1098","page","type-page","status-publish","hentry"],"jetpack_sharing_enabled":true,"jetpack_shortlink":"https:\/\/wp.me\/P55jil-hI","jetpack_likes_enabled":true,"jetpack-related-posts":[{"id":1022,"url":"https:\/\/www.panpagan.com\/forum_neu\/ppwp\/ueber-sicht-am-anfang\/","url_meta":{"origin":1098,"position":0},"title":"\u00dcber-Sicht Am Anfang","author":"admin101","date":"27. M\u00e4rz 2016","format":false,"excerpt":"\"Jede Reise beginnt mit einem ersten Schritt\" hei\u00dft ein Sprichwort. So ist es auch f\u00fcr Interssierte und f\u00fcr Suchende im sprituell-magisch-religi\u00f6sen Bereich. Und ebenso kann jeder Anfang sich als schwierig erweisen. Besonders, wenn einem die schiere F\u00fclle von Informationen zu \u00fcberfluten und zu erschlagen droht. Worauf muss ich achten, wenn\u2026","rel":"","context":"\u00c4hnlicher Beitrag","block_context":{"text":"\u00c4hnlicher Beitrag","link":""},"img":{"alt_text":"","src":"","width":0,"height":0},"classes":[]},{"id":1024,"url":"https:\/\/www.panpagan.com\/forum_neu\/ppwp\/ueber-sicht-jahreskreis\/","url_meta":{"origin":1098,"position":1},"title":"\u00dcber-Sicht Jahreskreis","author":"admin101","date":"27. M\u00e4rz 2016","format":false,"excerpt":"Das Leben ist ein ewiger Kreislauf von Werden und Vergehen. Im Laufe des Jahres erleben und feiern wir diesen Kreis, erleben wir uns als ein Teil von ihm und zelebrieren sowohl die G\u00f6ttlichen, als auch das Leben in und um uns. Das Rad des Jahres, in dessen Verlauf wir die\u2026","rel":"","context":"\u00c4hnlicher Beitrag","block_context":{"text":"\u00c4hnlicher Beitrag","link":""},"img":{"alt_text":"","src":"https:\/\/i0.wp.com\/www.panpagan.com\/forum_neu\/ppwp\/wp-content\/uploads\/2016\/03\/pagan_wheel_of_the_year_by_estruda-d2o95jb.jpg?resize=350%2C200&ssl=1","width":350,"height":200,"srcset":"https:\/\/i0.wp.com\/www.panpagan.com\/forum_neu\/ppwp\/wp-content\/uploads\/2016\/03\/pagan_wheel_of_the_year_by_estruda-d2o95jb.jpg?resize=350%2C200&ssl=1 1x, https:\/\/i0.wp.com\/www.panpagan.com\/forum_neu\/ppwp\/wp-content\/uploads\/2016\/03\/pagan_wheel_of_the_year_by_estruda-d2o95jb.jpg?resize=525%2C300&ssl=1 1.5x, https:\/\/i0.wp.com\/www.panpagan.com\/forum_neu\/ppwp\/wp-content\/uploads\/2016\/03\/pagan_wheel_of_the_year_by_estruda-d2o95jb.jpg?resize=700%2C400&ssl=1 2x, https:\/\/i0.wp.com\/www.panpagan.com\/forum_neu\/ppwp\/wp-content\/uploads\/2016\/03\/pagan_wheel_of_the_year_by_estruda-d2o95jb.jpg?resize=1050%2C600&ssl=1 3x, https:\/\/i0.wp.com\/www.panpagan.com\/forum_neu\/ppwp\/wp-content\/uploads\/2016\/03\/pagan_wheel_of_the_year_by_estruda-d2o95jb.jpg?resize=1400%2C800&ssl=1 4x"},"classes":[]},{"id":1014,"url":"https:\/\/www.panpagan.com\/forum_neu\/ppwp\/ueber-sicht-im-schatten-der-eiche\/","url_meta":{"origin":1098,"position":2},"title":"\u00dcber-Sicht Im Schatten der Eiche","author":"admin101","date":"27. M\u00e4rz 2016","format":false,"excerpt":"Die Eiche, so erz\u00e4hlt man, ist eine der hochverehrtesten B\u00e4ume der keltischen St\u00e4mme, sowohl auf dem Festland als auch auf den Inseln Britanniens und Irlands. In ihren Hainen sollen Druiden ihre Rituale gehalten und ihren G\u00f6ttern und G\u00f6ttinnen geopfert haben. Wir laden Euch ein, Euch im Schatten der Eiche nieder\u2026","rel":"","context":"\u00c4hnlicher Beitrag","block_context":{"text":"\u00c4hnlicher Beitrag","link":""},"img":{"alt_text":"","src":"https:\/\/i0.wp.com\/www.panpagan.com\/forum_neu\/ppwp\/wp-content\/uploads\/2016\/03\/100_7174-e1459079214642.jpg?resize=350%2C200&ssl=1","width":350,"height":200,"srcset":"https:\/\/i0.wp.com\/www.panpagan.com\/forum_neu\/ppwp\/wp-content\/uploads\/2016\/03\/100_7174-e1459079214642.jpg?resize=350%2C200&ssl=1 1x, https:\/\/i0.wp.com\/www.panpagan.com\/forum_neu\/ppwp\/wp-content\/uploads\/2016\/03\/100_7174-e1459079214642.jpg?resize=525%2C300&ssl=1 1.5x, https:\/\/i0.wp.com\/www.panpagan.com\/forum_neu\/ppwp\/wp-content\/uploads\/2016\/03\/100_7174-e1459079214642.jpg?resize=700%2C400&ssl=1 2x, https:\/\/i0.wp.com\/www.panpagan.com\/forum_neu\/ppwp\/wp-content\/uploads\/2016\/03\/100_7174-e1459079214642.jpg?resize=1050%2C600&ssl=1 3x, https:\/\/i0.wp.com\/www.panpagan.com\/forum_neu\/ppwp\/wp-content\/uploads\/2016\/03\/100_7174-e1459079214642.jpg?resize=1400%2C800&ssl=1 4x"},"classes":[]},{"id":300,"url":"https:\/\/www.panpagan.com\/forum_neu\/ppwp\/kosmischer-tanz\/","url_meta":{"origin":1098,"position":3},"title":"\u00dcber-Sicht Kosmischer Tanz","author":"Redaktion","date":"8. Oktober 2014","format":false,"excerpt":"Das Sanatana Dharma, im allgemeinen unter Hinduismus oder Hindu-Dharma bekannt, geh\u00f6rt zu den wohl \u00e4ltesten, kontinuierlich \u00fcberlieferten Traditionen des Heidentums in der Welt. Die tats\u00e4chlichen Urspr\u00fcnge liegen, wie bei so vielem, im Dunkel der Zeit verborgen, doch weisen die Spuren bis etwa in die Zeit um 2600 v.u.Z. in die\u2026","rel":"","context":"\u00c4hnlicher Beitrag","block_context":{"text":"\u00c4hnlicher Beitrag","link":""},"img":{"alt_text":"","src":"https:\/\/i0.wp.com\/www.panpagan.com\/forum_neu\/ppwp\/wp-content\/uploads\/2014\/10\/ShivaShaktiDancing5-e1412726990407.jpg?resize=350%2C200&ssl=1","width":350,"height":200,"srcset":"https:\/\/i0.wp.com\/www.panpagan.com\/forum_neu\/ppwp\/wp-content\/uploads\/2014\/10\/ShivaShaktiDancing5-e1412726990407.jpg?resize=350%2C200&ssl=1 1x, https:\/\/i0.wp.com\/www.panpagan.com\/forum_neu\/ppwp\/wp-content\/uploads\/2014\/10\/ShivaShaktiDancing5-e1412726990407.jpg?resize=525%2C300&ssl=1 1.5x, https:\/\/i0.wp.com\/www.panpagan.com\/forum_neu\/ppwp\/wp-content\/uploads\/2014\/10\/ShivaShaktiDancing5-e1412726990407.jpg?resize=700%2C400&ssl=1 2x"},"classes":[]},{"id":1007,"url":"https:\/\/www.panpagan.com\/forum_neu\/ppwp\/ueber-sicht-yggdrasils-stamm\/","url_meta":{"origin":1098,"position":4},"title":"\u00dcber-Sicht Yggdrasils Stamm","author":"admin101","date":"27. M\u00e4rz 2016","format":false,"excerpt":"Der Weltenbraum Yggrasil, mal als Eibe, als Esche oder gar als Eiche gedacht, ist das zentrale Motiv der nordischen Kosmogenie. Er bildet die Verbindung zwischen der Unterwelt, der Welt der Menschen und die Welt der G\u00f6tter. Ist Sitz der kriegerischen Asen und der weisen Vanen. An seinen Wurzeln, findet man\u2026","rel":"","context":"\u00c4hnlicher Beitrag","block_context":{"text":"\u00c4hnlicher Beitrag","link":""},"img":{"alt_text":"","src":"https:\/\/i0.wp.com\/www.panpagan.com\/forum_neu\/ppwp\/wp-content\/uploads\/2016\/03\/NK-077_Eibe_NK_10.jpg?resize=350%2C200&ssl=1","width":350,"height":200,"srcset":"https:\/\/i0.wp.com\/www.panpagan.com\/forum_neu\/ppwp\/wp-content\/uploads\/2016\/03\/NK-077_Eibe_NK_10.jpg?resize=350%2C200&ssl=1 1x, https:\/\/i0.wp.com\/www.panpagan.com\/forum_neu\/ppwp\/wp-content\/uploads\/2016\/03\/NK-077_Eibe_NK_10.jpg?resize=525%2C300&ssl=1 1.5x, https:\/\/i0.wp.com\/www.panpagan.com\/forum_neu\/ppwp\/wp-content\/uploads\/2016\/03\/NK-077_Eibe_NK_10.jpg?resize=700%2C400&ssl=1 2x, https:\/\/i0.wp.com\/www.panpagan.com\/forum_neu\/ppwp\/wp-content\/uploads\/2016\/03\/NK-077_Eibe_NK_10.jpg?resize=1050%2C600&ssl=1 3x, https:\/\/i0.wp.com\/www.panpagan.com\/forum_neu\/ppwp\/wp-content\/uploads\/2016\/03\/NK-077_Eibe_NK_10.jpg?resize=1400%2C800&ssl=1 4x"},"classes":[]},{"id":48,"url":"https:\/\/www.panpagan.com\/forum_neu\/ppwp\/netzwerk\/","url_meta":{"origin":1098,"position":5},"title":"Netzwerk","author":"PanPagan-Team","date":"21. September 2014","format":false,"excerpt":"Neben den Kontaktm\u00f6glichkeiten im Forum m\u00f6chten wir gerne eine M\u00f6glichkeit anbieten, ein Netzwerk zu kn\u00fcpfen. Was Ihr daf\u00fcr tun m\u00fcsst, ist ganz einfach: Unsere Forenregeln und ANB\u00b4s durchlesen, da diese auch f\u00fcr dieses Blog gelten! Uns eine Nachricht \u00fcber eine der im Impressum erw\u00e4hnten M\u00f6glichkeiten oder \u00fcber Facebook zukommen lassen,\u2026","rel":"","context":"\u00c4hnlicher Beitrag","block_context":{"text":"\u00c4hnlicher Beitrag","link":""},"img":{"alt_text":"","src":"https:\/\/i0.wp.com\/geistertrommel.de\/trommel\/bilder\/geisterrommelhand.jpg?resize=350%2C200","width":350,"height":200},"classes":[]}],"_links":{"self":[{"href":"https:\/\/www.panpagan.com\/forum_neu\/ppwp\/wp-json\/wp\/v2\/pages\/1098","targetHints":{"allow":["GET"]}}],"collection":[{"href":"https:\/\/www.panpagan.com\/forum_neu\/ppwp\/wp-json\/wp\/v2\/pages"}],"about":[{"href":"https:\/\/www.panpagan.com\/forum_neu\/ppwp\/wp-json\/wp\/v2\/types\/page"}],"author":[{"embeddable":true,"href":"https:\/\/www.panpagan.com\/forum_neu\/ppwp\/wp-json\/wp\/v2\/users\/7"}],"replies":[{"embeddable":true,"href":"https:\/\/www.panpagan.com\/forum_neu\/ppwp\/wp-json\/wp\/v2\/comments?post=1098"}],"version-history":[{"count":10,"href":"https:\/\/www.panpagan.com\/forum_neu\/ppwp\/wp-json\/wp\/v2\/pages\/1098\/revisions"}],"predecessor-version":[{"id":1212,"href":"https:\/\/www.panpagan.com\/forum_neu\/ppwp\/wp-json\/wp\/v2\/pages\/1098\/revisions\/1212"}],"up":[{"embeddable":true,"href":"https:\/\/www.panpagan.com\/forum_neu\/ppwp\/wp-json\/wp\/v2\/pages\/15"}],"wp:attachment":[{"href":"https:\/\/www.panpagan.com\/forum_neu\/ppwp\/wp-json\/wp\/v2\/media?parent=1098"}],"curies":[{"name":"wp","href":"https:\/\/api.w.org\/{rel}","templated":true}]}}