{"id":1040,"date":"2016-03-27T17:15:19","date_gmt":"2016-03-27T15:15:19","guid":{"rendered":"http:\/\/www.panpagan.com\/forum_neu\/ppwp\/?page_id=1040"},"modified":"2016-03-27T17:15:37","modified_gmt":"2016-03-27T15:15:37","slug":"ueber-sicht-gnostischer-kreis","status":"publish","type":"page","link":"https:\/\/www.panpagan.com\/forum_neu\/ppwp\/ueber-sicht-gnostischer-kreis\/","title":{"rendered":"\u00dcber-Sicht Gnostischer Kreis"},"content":{"rendered":"<p>Die G\u00f6ttlichen sind nicht irgendwelche fernen Wesen, sondern k\u00f6nnen von jedem\/r Einzelnen erfahren und erlebt werden.<br \/>\nPers\u00f6nliche Erlebnisse mit und pers\u00f6nliche Erkenntnisse durch die G\u00f6ttlichen geh\u00f6ren zu einer gelebten Spiritualit\u00e4t und\/oder Religion untrennbar dazu.<\/p>\n<p>Wie k\u00f6nnen G\u00f6tter und\/oder G\u00f6ttinnen erlebt werden? Wie k\u00f6nnen Sie sich offenbar oder\/und mit uns kommunzieren?<br \/>\nWas ist eine UPG (unverified personal gnosis) und wie wirkt sich das auf mein Leben, meinen Glauben und meine Relgion aus?<br \/>\nWie unterscheide ich eine UPG von einem Mindfuck?<br \/>\nUnd welche Rolle spielen ggf. unsere Wahrnehmungsfilter?<\/p>\n<p>Diese und andere Themen findet Ihr in dieser Rubrik.<\/p>\n<hr \/>\n<p>&nbsp;<\/p>\n","protected":false},"excerpt":{"rendered":"<p>Die G\u00f6ttlichen sind nicht irgendwelche fernen Wesen, sondern k\u00f6nnen von jedem\/r Einzelnen erfahren und erlebt werden. Pers\u00f6nliche Erlebnisse mit und pers\u00f6nliche Erkenntnisse durch die G\u00f6ttlichen geh\u00f6ren zu einer gelebten Spiritualit\u00e4t und\/oder Religion untrennbar dazu. Wie k\u00f6nnen G\u00f6tter und\/oder G\u00f6ttinnen erlebt werden? Wie k\u00f6nnen Sie sich offenbar oder\/und mit uns kommunzieren? Was ist eine UPG (unverified &hellip; <a href=\"https:\/\/www.panpagan.com\/forum_neu\/ppwp\/ueber-sicht-gnostischer-kreis\/\" class=\"more-link\"><span class=\"screen-reader-text\">\u00dcber-Sicht Gnostischer Kreis<\/span> weiterlesen <span class=\"meta-nav\">&rarr;<\/span><\/a><\/p>\n","protected":false},"author":1,"featured_media":0,"parent":0,"menu_order":0,"comment_status":"closed","ping_status":"closed","template":"","meta":{"jetpack_post_was_ever_published":false,"footnotes":""},"class_list":["post-1040","page","type-page","status-publish","hentry"],"jetpack_sharing_enabled":true,"jetpack_shortlink":"https:\/\/wp.me\/P55jil-gM","jetpack_likes_enabled":true,"jetpack-related-posts":[{"id":1038,"url":"https:\/\/www.panpagan.com\/forum_neu\/ppwp\/ueber-sicht-im-allerheilgsten\/","url_meta":{"origin":1040,"position":0},"title":"\u00dcber-Sicht Im Allerheilgsten","author":"admin101","date":"27. M\u00e4rz 2016","format":false,"excerpt":"Die kultische Verehrung von G\u00f6ttinnen und G\u00f6ttern hat zu allen Zeiten bereits eine wesentliche Rolle in den V\u00f6lkern der Welt gespielt, und spielt es im heutigen Heidentum in vielfacher Weise wieder.\u00a0 Sei es im privaten, aber auch im \u00f6ffentlichen Rahmen. Mit welchen Ritualen k\u00f6nnen die G\u00f6ttlichen geehrt werden? Wie k\u00f6nnen\u2026","rel":"","context":"\u00c4hnlicher Beitrag","block_context":{"text":"\u00c4hnlicher Beitrag","link":""},"img":{"alt_text":"","src":"","width":0,"height":0},"classes":[]},{"id":1024,"url":"https:\/\/www.panpagan.com\/forum_neu\/ppwp\/ueber-sicht-jahreskreis\/","url_meta":{"origin":1040,"position":1},"title":"\u00dcber-Sicht Jahreskreis","author":"admin101","date":"27. M\u00e4rz 2016","format":false,"excerpt":"Das Leben ist ein ewiger Kreislauf von Werden und Vergehen. Im Laufe des Jahres erleben und feiern wir diesen Kreis, erleben wir uns als ein Teil von ihm und zelebrieren sowohl die G\u00f6ttlichen, als auch das Leben in und um uns. Das Rad des Jahres, in dessen Verlauf wir die\u2026","rel":"","context":"\u00c4hnlicher Beitrag","block_context":{"text":"\u00c4hnlicher Beitrag","link":""},"img":{"alt_text":"","src":"https:\/\/i0.wp.com\/www.panpagan.com\/forum_neu\/ppwp\/wp-content\/uploads\/2016\/03\/pagan_wheel_of_the_year_by_estruda-d2o95jb.jpg?resize=350%2C200&ssl=1","width":350,"height":200,"srcset":"https:\/\/i0.wp.com\/www.panpagan.com\/forum_neu\/ppwp\/wp-content\/uploads\/2016\/03\/pagan_wheel_of_the_year_by_estruda-d2o95jb.jpg?resize=350%2C200&ssl=1 1x, https:\/\/i0.wp.com\/www.panpagan.com\/forum_neu\/ppwp\/wp-content\/uploads\/2016\/03\/pagan_wheel_of_the_year_by_estruda-d2o95jb.jpg?resize=525%2C300&ssl=1 1.5x, https:\/\/i0.wp.com\/www.panpagan.com\/forum_neu\/ppwp\/wp-content\/uploads\/2016\/03\/pagan_wheel_of_the_year_by_estruda-d2o95jb.jpg?resize=700%2C400&ssl=1 2x, https:\/\/i0.wp.com\/www.panpagan.com\/forum_neu\/ppwp\/wp-content\/uploads\/2016\/03\/pagan_wheel_of_the_year_by_estruda-d2o95jb.jpg?resize=1050%2C600&ssl=1 3x, https:\/\/i0.wp.com\/www.panpagan.com\/forum_neu\/ppwp\/wp-content\/uploads\/2016\/03\/pagan_wheel_of_the_year_by_estruda-d2o95jb.jpg?resize=1400%2C800&ssl=1 4x"},"classes":[]},{"id":1022,"url":"https:\/\/www.panpagan.com\/forum_neu\/ppwp\/ueber-sicht-am-anfang\/","url_meta":{"origin":1040,"position":2},"title":"\u00dcber-Sicht Am Anfang","author":"admin101","date":"27. M\u00e4rz 2016","format":false,"excerpt":"\"Jede Reise beginnt mit einem ersten Schritt\" hei\u00dft ein Sprichwort. So ist es auch f\u00fcr Interssierte und f\u00fcr Suchende im sprituell-magisch-religi\u00f6sen Bereich. Und ebenso kann jeder Anfang sich als schwierig erweisen. Besonders, wenn einem die schiere F\u00fclle von Informationen zu \u00fcberfluten und zu erschlagen droht. Worauf muss ich achten, wenn\u2026","rel":"","context":"\u00c4hnlicher Beitrag","block_context":{"text":"\u00c4hnlicher Beitrag","link":""},"img":{"alt_text":"","src":"","width":0,"height":0},"classes":[]},{"id":1020,"url":"https:\/\/www.panpagan.com\/forum_neu\/ppwp\/ueber-sicht-die-goettlichen\/","url_meta":{"origin":1040,"position":3},"title":"\u00dcber-Sicht Die G\u00f6ttlichen","author":"admin101","date":"27. M\u00e4rz 2016","format":false,"excerpt":"Auf den Reisen durch die heidnischen Multiversen begegnet dem\/r Wanderer\/in eine schier unglaubliche F\u00fclle von G\u00f6ttinnen und G\u00f6ttern. In dieser Kategorie findet Ihr Artikel \u00fcber die g\u00f6ttlichen Wesenheiten der verschiedenen Pantheone, sowie pers\u00f6nliche Einsichten und Erlebnisberichte. \u00a0","rel":"","context":"\u00c4hnlicher Beitrag","block_context":{"text":"\u00c4hnlicher Beitrag","link":""},"img":{"alt_text":"","src":"","width":0,"height":0},"classes":[]},{"id":1014,"url":"https:\/\/www.panpagan.com\/forum_neu\/ppwp\/ueber-sicht-im-schatten-der-eiche\/","url_meta":{"origin":1040,"position":4},"title":"\u00dcber-Sicht Im Schatten der Eiche","author":"admin101","date":"27. M\u00e4rz 2016","format":false,"excerpt":"Die Eiche, so erz\u00e4hlt man, ist eine der hochverehrtesten B\u00e4ume der keltischen St\u00e4mme, sowohl auf dem Festland als auch auf den Inseln Britanniens und Irlands. In ihren Hainen sollen Druiden ihre Rituale gehalten und ihren G\u00f6ttern und G\u00f6ttinnen geopfert haben. Wir laden Euch ein, Euch im Schatten der Eiche nieder\u2026","rel":"","context":"\u00c4hnlicher Beitrag","block_context":{"text":"\u00c4hnlicher Beitrag","link":""},"img":{"alt_text":"","src":"https:\/\/i0.wp.com\/www.panpagan.com\/forum_neu\/ppwp\/wp-content\/uploads\/2016\/03\/100_7174-e1459079214642.jpg?resize=350%2C200&ssl=1","width":350,"height":200,"srcset":"https:\/\/i0.wp.com\/www.panpagan.com\/forum_neu\/ppwp\/wp-content\/uploads\/2016\/03\/100_7174-e1459079214642.jpg?resize=350%2C200&ssl=1 1x, https:\/\/i0.wp.com\/www.panpagan.com\/forum_neu\/ppwp\/wp-content\/uploads\/2016\/03\/100_7174-e1459079214642.jpg?resize=525%2C300&ssl=1 1.5x, https:\/\/i0.wp.com\/www.panpagan.com\/forum_neu\/ppwp\/wp-content\/uploads\/2016\/03\/100_7174-e1459079214642.jpg?resize=700%2C400&ssl=1 2x, https:\/\/i0.wp.com\/www.panpagan.com\/forum_neu\/ppwp\/wp-content\/uploads\/2016\/03\/100_7174-e1459079214642.jpg?resize=1050%2C600&ssl=1 3x, https:\/\/i0.wp.com\/www.panpagan.com\/forum_neu\/ppwp\/wp-content\/uploads\/2016\/03\/100_7174-e1459079214642.jpg?resize=1400%2C800&ssl=1 4x"},"classes":[]},{"id":1036,"url":"https:\/\/www.panpagan.com\/forum_neu\/ppwp\/ueber-sicht-uebergangsriten\/","url_meta":{"origin":1040,"position":5},"title":"\u00dcber-Sicht \u00dcbergangsriten","author":"admin101","date":"27. M\u00e4rz 2016","format":false,"excerpt":"Unser Leben ist voller Ereignisse, die \u00dcberg\u00e4nge von einem (Lebens-)Abschnitt in einen andern darstellen. Geburt, die Heranreifung eines Kindes zum\/r Erwachenen, Hochzeit, Tod. Das sind wohl die gr\u00f6\u00dften \u00dcberg\u00e4nge im Leben. Doch daneben gibt es noch so viele andere, die mit entsprechenden Ritualen begangen oder geehrt werden k\u00f6nnen. In dieser\u2026","rel":"","context":"\u00c4hnlicher Beitrag","block_context":{"text":"\u00c4hnlicher Beitrag","link":""},"img":{"alt_text":"","src":"","width":0,"height":0},"classes":[]}],"_links":{"self":[{"href":"https:\/\/www.panpagan.com\/forum_neu\/ppwp\/wp-json\/wp\/v2\/pages\/1040","targetHints":{"allow":["GET"]}}],"collection":[{"href":"https:\/\/www.panpagan.com\/forum_neu\/ppwp\/wp-json\/wp\/v2\/pages"}],"about":[{"href":"https:\/\/www.panpagan.com\/forum_neu\/ppwp\/wp-json\/wp\/v2\/types\/page"}],"author":[{"embeddable":true,"href":"https:\/\/www.panpagan.com\/forum_neu\/ppwp\/wp-json\/wp\/v2\/users\/1"}],"replies":[{"embeddable":true,"href":"https:\/\/www.panpagan.com\/forum_neu\/ppwp\/wp-json\/wp\/v2\/comments?post=1040"}],"version-history":[{"count":1,"href":"https:\/\/www.panpagan.com\/forum_neu\/ppwp\/wp-json\/wp\/v2\/pages\/1040\/revisions"}],"predecessor-version":[{"id":1041,"href":"https:\/\/www.panpagan.com\/forum_neu\/ppwp\/wp-json\/wp\/v2\/pages\/1040\/revisions\/1041"}],"wp:attachment":[{"href":"https:\/\/www.panpagan.com\/forum_neu\/ppwp\/wp-json\/wp\/v2\/media?parent=1040"}],"curies":[{"name":"wp","href":"https:\/\/api.w.org\/{rel}","templated":true}]}}