{"id":1022,"date":"2016-03-27T15:21:00","date_gmt":"2016-03-27T13:21:00","guid":{"rendered":"http:\/\/www.panpagan.com\/forum_neu\/ppwp\/?page_id=1022"},"modified":"2016-03-27T15:21:00","modified_gmt":"2016-03-27T13:21:00","slug":"ueber-sicht-am-anfang","status":"publish","type":"page","link":"https:\/\/www.panpagan.com\/forum_neu\/ppwp\/ueber-sicht-am-anfang\/","title":{"rendered":"\u00dcber-Sicht Am Anfang"},"content":{"rendered":"<p>&#8222;Jede Reise beginnt mit einem ersten Schritt&#8220; hei\u00dft ein Sprichwort.<br \/>\nSo ist es auch f\u00fcr Interssierte und f\u00fcr Suchende im sprituell-magisch-religi\u00f6sen Bereich.<br \/>\nUnd ebenso kann jeder Anfang sich als schwierig erweisen. Besonders, wenn einem die schiere F\u00fclle von Informationen zu \u00fcberfluten und zu erschlagen droht.<\/p>\n<p>Worauf muss ich achten, wenn ich mich auf der Suche nach Gleichgesinnten, nach einer Gruppe oder einem Coven befinde?<br \/>\nWelche Hindernisse oder gar Gefahren k\u00f6nnen auf meiner Reise in die Welt der Magie auftauchen?<br \/>\nWie trete ich in Kontakt mit G\u00f6ttern, G\u00f6ttinnen, Ahnen oder anderen Wesenheiten?<br \/>\nWas ist Magie \u00fcberhaupt? Was kann ich damit bewirken?<br \/>\nWie nutze ich ein Orakel, und welche Formen des Orakels gibt es \u00fcberhaupt?<\/p>\n<p>Die Fragen, die besonders beim Beginn der spannenden Reise auftreten k\u00f6nnen sind ebenso vielf\u00e4ltig, wie die m\u00f6glichen Zweifel, die aufkommen k\u00f6nnen.<br \/>\nIn dieser Kategorie findet Ihr alle Themen, die sich mit den Ersten Schritten, mit Beginner-Fragen, Zweifeln usw. besch\u00e4ftigen.<\/p>\n<hr \/>\n<p>&nbsp;<\/p>\n","protected":false},"excerpt":{"rendered":"<p>&#8222;Jede Reise beginnt mit einem ersten Schritt&#8220; hei\u00dft ein Sprichwort. So ist es auch f\u00fcr Interssierte und f\u00fcr Suchende im sprituell-magisch-religi\u00f6sen Bereich. Und ebenso kann jeder Anfang sich als schwierig erweisen. Besonders, wenn einem die schiere F\u00fclle von Informationen zu \u00fcberfluten und zu erschlagen droht. Worauf muss ich achten, wenn ich mich auf der Suche &hellip; <a href=\"https:\/\/www.panpagan.com\/forum_neu\/ppwp\/ueber-sicht-am-anfang\/\" class=\"more-link\"><span class=\"screen-reader-text\">\u00dcber-Sicht Am Anfang<\/span> weiterlesen <span class=\"meta-nav\">&rarr;<\/span><\/a><\/p>\n","protected":false},"author":1,"featured_media":0,"parent":0,"menu_order":0,"comment_status":"closed","ping_status":"closed","template":"","meta":{"jetpack_post_was_ever_published":false,"footnotes":""},"class_list":["post-1022","page","type-page","status-publish","hentry"],"jetpack_sharing_enabled":true,"jetpack_shortlink":"https:\/\/wp.me\/P55jil-gu","jetpack_likes_enabled":true,"jetpack-related-posts":[{"id":1098,"url":"https:\/\/www.panpagan.com\/forum_neu\/ppwp\/ueber-uns\/autorinnen-und-rubrikenbetreuerinnen-des-blogs\/","url_meta":{"origin":1022,"position":0},"title":"AutorInnen und RubrikenbetreuerInnen des Blogs","author":"Redaktion","date":"22. Januar 2017","format":false,"excerpt":"Hier findet Ihr (kurze) Vorstellung unserer AutorInnen und RubrikenbetreuerInnen. Siat Ich bin seit 2003 im Internet und der heidnischen \"Szene\" unterwegs, und betreibe zusammen mit meinem Mann StarFire das PanPagan-Forum.\u00a0 Vorher war ich eine kurze Weile im Mutterforum Paganforum als Moderatorin aktiv. Ich bin Reiki-Meisterin (Usui-Reiki), und verdiene mein t\u00e4gliches\u2026","rel":"","context":"\u00c4hnlicher Beitrag","block_context":{"text":"\u00c4hnlicher Beitrag","link":""},"img":{"alt_text":"","src":"https:\/\/i0.wp.com\/www.panpagan.com\/forum_neu\/ppwp\/wp-content\/uploads\/2017\/01\/DannyExamen3.jpg?resize=350%2C200&ssl=1","width":350,"height":200,"srcset":"https:\/\/i0.wp.com\/www.panpagan.com\/forum_neu\/ppwp\/wp-content\/uploads\/2017\/01\/DannyExamen3.jpg?resize=350%2C200&ssl=1 1x, https:\/\/i0.wp.com\/www.panpagan.com\/forum_neu\/ppwp\/wp-content\/uploads\/2017\/01\/DannyExamen3.jpg?resize=525%2C300&ssl=1 1.5x, https:\/\/i0.wp.com\/www.panpagan.com\/forum_neu\/ppwp\/wp-content\/uploads\/2017\/01\/DannyExamen3.jpg?resize=700%2C400&ssl=1 2x"},"classes":[]},{"id":1040,"url":"https:\/\/www.panpagan.com\/forum_neu\/ppwp\/ueber-sicht-gnostischer-kreis\/","url_meta":{"origin":1022,"position":1},"title":"\u00dcber-Sicht Gnostischer Kreis","author":"admin101","date":"27. M\u00e4rz 2016","format":false,"excerpt":"Die G\u00f6ttlichen sind nicht irgendwelche fernen Wesen, sondern k\u00f6nnen von jedem\/r Einzelnen erfahren und erlebt werden. Pers\u00f6nliche Erlebnisse mit und pers\u00f6nliche Erkenntnisse durch die G\u00f6ttlichen geh\u00f6ren zu einer gelebten Spiritualit\u00e4t und\/oder Religion untrennbar dazu. Wie k\u00f6nnen G\u00f6tter und\/oder G\u00f6ttinnen erlebt werden? Wie k\u00f6nnen Sie sich offenbar oder\/und mit uns kommunzieren?\u2026","rel":"","context":"\u00c4hnlicher Beitrag","block_context":{"text":"\u00c4hnlicher Beitrag","link":""},"img":{"alt_text":"","src":"","width":0,"height":0},"classes":[]},{"id":48,"url":"https:\/\/www.panpagan.com\/forum_neu\/ppwp\/netzwerk\/","url_meta":{"origin":1022,"position":2},"title":"Netzwerk","author":"PanPagan-Team","date":"21. September 2014","format":false,"excerpt":"Neben den Kontaktm\u00f6glichkeiten im Forum m\u00f6chten wir gerne eine M\u00f6glichkeit anbieten, ein Netzwerk zu kn\u00fcpfen. Was Ihr daf\u00fcr tun m\u00fcsst, ist ganz einfach: Unsere Forenregeln und ANB\u00b4s durchlesen, da diese auch f\u00fcr dieses Blog gelten! Uns eine Nachricht \u00fcber eine der im Impressum erw\u00e4hnten M\u00f6glichkeiten oder \u00fcber Facebook zukommen lassen,\u2026","rel":"","context":"\u00c4hnlicher Beitrag","block_context":{"text":"\u00c4hnlicher Beitrag","link":""},"img":{"alt_text":"","src":"https:\/\/i0.wp.com\/geistertrommel.de\/trommel\/bilder\/geisterrommelhand.jpg?resize=350%2C200","width":350,"height":200},"classes":[]},{"id":13,"url":"https:\/\/www.panpagan.com\/forum_neu\/ppwp\/impressum-disclaimer\/","url_meta":{"origin":1022,"position":3},"title":"Impressum, Disclaimer &#038; Urheberrecht","author":"PanPagan-Team","date":"20. September 2014","format":false,"excerpt":"\u00a0Verantworlich f\u00fcr diese Seite: Webmaster: Heiko Humbert (StarFire) Admin: Daniela Humbert (Siat) Salzstra\u00dfe 8 D-90763 F\u00fcrth Kontakt: E-Mail-Adresse: kontakt@panpagan.com Telefon: +49 (0) 911 - 745026 PanPagan-Forum Facebook Urheberrecht Die Inhalte dieser Internetpr\u00e4senz sind urheberrechtlich gesch\u00fctzt und d\u00fcrfen nur nach vorheriger R\u00fccksprache per eMail und unter Nennung des entsprechenden Nicks (auch\u2026","rel":"","context":"\u00c4hnlicher Beitrag","block_context":{"text":"\u00c4hnlicher Beitrag","link":""},"img":{"alt_text":"","src":"","width":0,"height":0},"classes":[]},{"id":15,"url":"https:\/\/www.panpagan.com\/forum_neu\/ppwp\/ueber-uns\/","url_meta":{"origin":1022,"position":4},"title":"\u00dcber uns","author":"PanPagan-Team","date":"20. September 2014","format":false,"excerpt":"Das PanPagan ist eine bunt gemischte Community, in der wir uns vor allen Dingen mit dem Thema (Neu)Heidentum, in allen seinen verschiedenen Facetten, mit seinen bunt gemischten Weltanschauungen, Weltbildern und relig\u00f6s-spirituellen Pfaden, besch\u00e4ftigen Unseren Themenbereiche sind dabei naturgem\u00e4\u00df sehr breit aufgestellt und umfassen neben europ\u00e4ischen Religionen und Weltanschauungen (germanisch, keltisch-druidisch,\u2026","rel":"","context":"\u00c4hnlicher Beitrag","block_context":{"text":"\u00c4hnlicher Beitrag","link":""},"img":{"alt_text":"","src":"","width":0,"height":0},"classes":[]},{"id":1036,"url":"https:\/\/www.panpagan.com\/forum_neu\/ppwp\/ueber-sicht-uebergangsriten\/","url_meta":{"origin":1022,"position":5},"title":"\u00dcber-Sicht \u00dcbergangsriten","author":"admin101","date":"27. M\u00e4rz 2016","format":false,"excerpt":"Unser Leben ist voller Ereignisse, die \u00dcberg\u00e4nge von einem (Lebens-)Abschnitt in einen andern darstellen. Geburt, die Heranreifung eines Kindes zum\/r Erwachenen, Hochzeit, Tod. Das sind wohl die gr\u00f6\u00dften \u00dcberg\u00e4nge im Leben. Doch daneben gibt es noch so viele andere, die mit entsprechenden Ritualen begangen oder geehrt werden k\u00f6nnen. In dieser\u2026","rel":"","context":"\u00c4hnlicher Beitrag","block_context":{"text":"\u00c4hnlicher Beitrag","link":""},"img":{"alt_text":"","src":"","width":0,"height":0},"classes":[]}],"_links":{"self":[{"href":"https:\/\/www.panpagan.com\/forum_neu\/ppwp\/wp-json\/wp\/v2\/pages\/1022","targetHints":{"allow":["GET"]}}],"collection":[{"href":"https:\/\/www.panpagan.com\/forum_neu\/ppwp\/wp-json\/wp\/v2\/pages"}],"about":[{"href":"https:\/\/www.panpagan.com\/forum_neu\/ppwp\/wp-json\/wp\/v2\/types\/page"}],"author":[{"embeddable":true,"href":"https:\/\/www.panpagan.com\/forum_neu\/ppwp\/wp-json\/wp\/v2\/users\/1"}],"replies":[{"embeddable":true,"href":"https:\/\/www.panpagan.com\/forum_neu\/ppwp\/wp-json\/wp\/v2\/comments?post=1022"}],"version-history":[{"count":1,"href":"https:\/\/www.panpagan.com\/forum_neu\/ppwp\/wp-json\/wp\/v2\/pages\/1022\/revisions"}],"predecessor-version":[{"id":1023,"href":"https:\/\/www.panpagan.com\/forum_neu\/ppwp\/wp-json\/wp\/v2\/pages\/1022\/revisions\/1023"}],"wp:attachment":[{"href":"https:\/\/www.panpagan.com\/forum_neu\/ppwp\/wp-json\/wp\/v2\/media?parent=1022"}],"curies":[{"name":"wp","href":"https:\/\/api.w.org\/{rel}","templated":true}]}}