{"id":1020,"date":"2016-03-27T15:14:14","date_gmt":"2016-03-27T13:14:14","guid":{"rendered":"http:\/\/www.panpagan.com\/forum_neu\/ppwp\/?page_id=1020"},"modified":"2016-03-27T15:14:14","modified_gmt":"2016-03-27T13:14:14","slug":"ueber-sicht-die-goettlichen","status":"publish","type":"page","link":"https:\/\/www.panpagan.com\/forum_neu\/ppwp\/ueber-sicht-die-goettlichen\/","title":{"rendered":"\u00dcber-Sicht Die G\u00f6ttlichen"},"content":{"rendered":"<p>Auf den Reisen durch die heidnischen Multiversen begegnet dem\/r Wanderer\/in eine schier unglaubliche F\u00fclle von G\u00f6ttinnen und G\u00f6ttern.<\/p>\n<p>In dieser Kategorie findet Ihr Artikel \u00fcber die g\u00f6ttlichen Wesenheiten der verschiedenen Pantheone, sowie pers\u00f6nliche Einsichten und Erlebnisberichte.<\/p>\n<hr \/>\n<p>&nbsp;<\/p>\n","protected":false},"excerpt":{"rendered":"<p>Auf den Reisen durch die heidnischen Multiversen begegnet dem\/r Wanderer\/in eine schier unglaubliche F\u00fclle von G\u00f6ttinnen und G\u00f6ttern. In dieser Kategorie findet Ihr Artikel \u00fcber die g\u00f6ttlichen Wesenheiten der verschiedenen Pantheone, sowie pers\u00f6nliche Einsichten und Erlebnisberichte. &nbsp;<\/p>\n","protected":false},"author":1,"featured_media":0,"parent":0,"menu_order":0,"comment_status":"closed","ping_status":"closed","template":"","meta":{"jetpack_post_was_ever_published":false,"footnotes":""},"class_list":["post-1020","page","type-page","status-publish","hentry"],"jetpack_sharing_enabled":true,"jetpack_shortlink":"https:\/\/wp.me\/P55jil-gs","jetpack_likes_enabled":true,"jetpack-related-posts":[{"id":1024,"url":"https:\/\/www.panpagan.com\/forum_neu\/ppwp\/ueber-sicht-jahreskreis\/","url_meta":{"origin":1020,"position":0},"title":"\u00dcber-Sicht Jahreskreis","author":"admin101","date":"27. M\u00e4rz 2016","format":false,"excerpt":"Das Leben ist ein ewiger Kreislauf von Werden und Vergehen. Im Laufe des Jahres erleben und feiern wir diesen Kreis, erleben wir uns als ein Teil von ihm und zelebrieren sowohl die G\u00f6ttlichen, als auch das Leben in und um uns. Das Rad des Jahres, in dessen Verlauf wir die\u2026","rel":"","context":"\u00c4hnlicher Beitrag","block_context":{"text":"\u00c4hnlicher Beitrag","link":""},"img":{"alt_text":"","src":"https:\/\/i0.wp.com\/www.panpagan.com\/forum_neu\/ppwp\/wp-content\/uploads\/2016\/03\/pagan_wheel_of_the_year_by_estruda-d2o95jb.jpg?resize=350%2C200&ssl=1","width":350,"height":200,"srcset":"https:\/\/i0.wp.com\/www.panpagan.com\/forum_neu\/ppwp\/wp-content\/uploads\/2016\/03\/pagan_wheel_of_the_year_by_estruda-d2o95jb.jpg?resize=350%2C200&ssl=1 1x, https:\/\/i0.wp.com\/www.panpagan.com\/forum_neu\/ppwp\/wp-content\/uploads\/2016\/03\/pagan_wheel_of_the_year_by_estruda-d2o95jb.jpg?resize=525%2C300&ssl=1 1.5x, https:\/\/i0.wp.com\/www.panpagan.com\/forum_neu\/ppwp\/wp-content\/uploads\/2016\/03\/pagan_wheel_of_the_year_by_estruda-d2o95jb.jpg?resize=700%2C400&ssl=1 2x, https:\/\/i0.wp.com\/www.panpagan.com\/forum_neu\/ppwp\/wp-content\/uploads\/2016\/03\/pagan_wheel_of_the_year_by_estruda-d2o95jb.jpg?resize=1050%2C600&ssl=1 3x, https:\/\/i0.wp.com\/www.panpagan.com\/forum_neu\/ppwp\/wp-content\/uploads\/2016\/03\/pagan_wheel_of_the_year_by_estruda-d2o95jb.jpg?resize=1400%2C800&ssl=1 4x"},"classes":[]},{"id":1040,"url":"https:\/\/www.panpagan.com\/forum_neu\/ppwp\/ueber-sicht-gnostischer-kreis\/","url_meta":{"origin":1020,"position":1},"title":"\u00dcber-Sicht Gnostischer Kreis","author":"admin101","date":"27. M\u00e4rz 2016","format":false,"excerpt":"Die G\u00f6ttlichen sind nicht irgendwelche fernen Wesen, sondern k\u00f6nnen von jedem\/r Einzelnen erfahren und erlebt werden. Pers\u00f6nliche Erlebnisse mit und pers\u00f6nliche Erkenntnisse durch die G\u00f6ttlichen geh\u00f6ren zu einer gelebten Spiritualit\u00e4t und\/oder Religion untrennbar dazu. Wie k\u00f6nnen G\u00f6tter und\/oder G\u00f6ttinnen erlebt werden? Wie k\u00f6nnen Sie sich offenbar oder\/und mit uns kommunzieren?\u2026","rel":"","context":"\u00c4hnlicher Beitrag","block_context":{"text":"\u00c4hnlicher Beitrag","link":""},"img":{"alt_text":"","src":"","width":0,"height":0},"classes":[]},{"id":1007,"url":"https:\/\/www.panpagan.com\/forum_neu\/ppwp\/ueber-sicht-yggdrasils-stamm\/","url_meta":{"origin":1020,"position":2},"title":"\u00dcber-Sicht Yggdrasils Stamm","author":"admin101","date":"27. M\u00e4rz 2016","format":false,"excerpt":"Der Weltenbraum Yggrasil, mal als Eibe, als Esche oder gar als Eiche gedacht, ist das zentrale Motiv der nordischen Kosmogenie. Er bildet die Verbindung zwischen der Unterwelt, der Welt der Menschen und die Welt der G\u00f6tter. Ist Sitz der kriegerischen Asen und der weisen Vanen. An seinen Wurzeln, findet man\u2026","rel":"","context":"\u00c4hnlicher Beitrag","block_context":{"text":"\u00c4hnlicher Beitrag","link":""},"img":{"alt_text":"","src":"https:\/\/i0.wp.com\/www.panpagan.com\/forum_neu\/ppwp\/wp-content\/uploads\/2016\/03\/NK-077_Eibe_NK_10.jpg?resize=350%2C200&ssl=1","width":350,"height":200,"srcset":"https:\/\/i0.wp.com\/www.panpagan.com\/forum_neu\/ppwp\/wp-content\/uploads\/2016\/03\/NK-077_Eibe_NK_10.jpg?resize=350%2C200&ssl=1 1x, https:\/\/i0.wp.com\/www.panpagan.com\/forum_neu\/ppwp\/wp-content\/uploads\/2016\/03\/NK-077_Eibe_NK_10.jpg?resize=525%2C300&ssl=1 1.5x, https:\/\/i0.wp.com\/www.panpagan.com\/forum_neu\/ppwp\/wp-content\/uploads\/2016\/03\/NK-077_Eibe_NK_10.jpg?resize=700%2C400&ssl=1 2x, https:\/\/i0.wp.com\/www.panpagan.com\/forum_neu\/ppwp\/wp-content\/uploads\/2016\/03\/NK-077_Eibe_NK_10.jpg?resize=1050%2C600&ssl=1 3x, https:\/\/i0.wp.com\/www.panpagan.com\/forum_neu\/ppwp\/wp-content\/uploads\/2016\/03\/NK-077_Eibe_NK_10.jpg?resize=1400%2C800&ssl=1 4x"},"classes":[]},{"id":1042,"url":"https:\/\/www.panpagan.com\/forum_neu\/ppwp\/ueber-sicht-kreis-der-philosophen\/","url_meta":{"origin":1020,"position":3},"title":"\u00dcber-Sicht Kreis der Philosophen","author":"admin101","date":"27. M\u00e4rz 2016","format":false,"excerpt":"In dieser Rubrik findet Ihr alle philosophischen Themengebiete \u00fcber das Sein, die G\u00f6ttlichen, und was das Leben in seiner Vielfalt noch zu bieten hat. \u00a0","rel":"","context":"\u00c4hnlicher Beitrag","block_context":{"text":"\u00c4hnlicher Beitrag","link":""},"img":{"alt_text":"","src":"","width":0,"height":0},"classes":[]},{"id":1014,"url":"https:\/\/www.panpagan.com\/forum_neu\/ppwp\/ueber-sicht-im-schatten-der-eiche\/","url_meta":{"origin":1020,"position":4},"title":"\u00dcber-Sicht Im Schatten der Eiche","author":"admin101","date":"27. M\u00e4rz 2016","format":false,"excerpt":"Die Eiche, so erz\u00e4hlt man, ist eine der hochverehrtesten B\u00e4ume der keltischen St\u00e4mme, sowohl auf dem Festland als auch auf den Inseln Britanniens und Irlands. In ihren Hainen sollen Druiden ihre Rituale gehalten und ihren G\u00f6ttern und G\u00f6ttinnen geopfert haben. Wir laden Euch ein, Euch im Schatten der Eiche nieder\u2026","rel":"","context":"\u00c4hnlicher Beitrag","block_context":{"text":"\u00c4hnlicher Beitrag","link":""},"img":{"alt_text":"","src":"https:\/\/i0.wp.com\/www.panpagan.com\/forum_neu\/ppwp\/wp-content\/uploads\/2016\/03\/100_7174-e1459079214642.jpg?resize=350%2C200&ssl=1","width":350,"height":200,"srcset":"https:\/\/i0.wp.com\/www.panpagan.com\/forum_neu\/ppwp\/wp-content\/uploads\/2016\/03\/100_7174-e1459079214642.jpg?resize=350%2C200&ssl=1 1x, https:\/\/i0.wp.com\/www.panpagan.com\/forum_neu\/ppwp\/wp-content\/uploads\/2016\/03\/100_7174-e1459079214642.jpg?resize=525%2C300&ssl=1 1.5x, https:\/\/i0.wp.com\/www.panpagan.com\/forum_neu\/ppwp\/wp-content\/uploads\/2016\/03\/100_7174-e1459079214642.jpg?resize=700%2C400&ssl=1 2x, https:\/\/i0.wp.com\/www.panpagan.com\/forum_neu\/ppwp\/wp-content\/uploads\/2016\/03\/100_7174-e1459079214642.jpg?resize=1050%2C600&ssl=1 3x, https:\/\/i0.wp.com\/www.panpagan.com\/forum_neu\/ppwp\/wp-content\/uploads\/2016\/03\/100_7174-e1459079214642.jpg?resize=1400%2C800&ssl=1 4x"},"classes":[]},{"id":1038,"url":"https:\/\/www.panpagan.com\/forum_neu\/ppwp\/ueber-sicht-im-allerheilgsten\/","url_meta":{"origin":1020,"position":5},"title":"\u00dcber-Sicht Im Allerheilgsten","author":"admin101","date":"27. M\u00e4rz 2016","format":false,"excerpt":"Die kultische Verehrung von G\u00f6ttinnen und G\u00f6ttern hat zu allen Zeiten bereits eine wesentliche Rolle in den V\u00f6lkern der Welt gespielt, und spielt es im heutigen Heidentum in vielfacher Weise wieder.\u00a0 Sei es im privaten, aber auch im \u00f6ffentlichen Rahmen. Mit welchen Ritualen k\u00f6nnen die G\u00f6ttlichen geehrt werden? Wie k\u00f6nnen\u2026","rel":"","context":"\u00c4hnlicher Beitrag","block_context":{"text":"\u00c4hnlicher Beitrag","link":""},"img":{"alt_text":"","src":"","width":0,"height":0},"classes":[]}],"_links":{"self":[{"href":"https:\/\/www.panpagan.com\/forum_neu\/ppwp\/wp-json\/wp\/v2\/pages\/1020","targetHints":{"allow":["GET"]}}],"collection":[{"href":"https:\/\/www.panpagan.com\/forum_neu\/ppwp\/wp-json\/wp\/v2\/pages"}],"about":[{"href":"https:\/\/www.panpagan.com\/forum_neu\/ppwp\/wp-json\/wp\/v2\/types\/page"}],"author":[{"embeddable":true,"href":"https:\/\/www.panpagan.com\/forum_neu\/ppwp\/wp-json\/wp\/v2\/users\/1"}],"replies":[{"embeddable":true,"href":"https:\/\/www.panpagan.com\/forum_neu\/ppwp\/wp-json\/wp\/v2\/comments?post=1020"}],"version-history":[{"count":1,"href":"https:\/\/www.panpagan.com\/forum_neu\/ppwp\/wp-json\/wp\/v2\/pages\/1020\/revisions"}],"predecessor-version":[{"id":1021,"href":"https:\/\/www.panpagan.com\/forum_neu\/ppwp\/wp-json\/wp\/v2\/pages\/1020\/revisions\/1021"}],"wp:attachment":[{"href":"https:\/\/www.panpagan.com\/forum_neu\/ppwp\/wp-json\/wp\/v2\/media?parent=1020"}],"curies":[{"name":"wp","href":"https:\/\/api.w.org\/{rel}","templated":true}]}}