{"id":1014,"date":"2016-03-27T14:39:45","date_gmt":"2016-03-27T12:39:45","guid":{"rendered":"http:\/\/www.panpagan.com\/forum_neu\/ppwp\/?page_id=1014"},"modified":"2016-03-27T14:40:06","modified_gmt":"2016-03-27T12:40:06","slug":"ueber-sicht-im-schatten-der-eiche","status":"publish","type":"page","link":"https:\/\/www.panpagan.com\/forum_neu\/ppwp\/ueber-sicht-im-schatten-der-eiche\/","title":{"rendered":"\u00dcber-Sicht Im Schatten der Eiche"},"content":{"rendered":"<p>Die Eiche, so erz\u00e4hlt man, ist eine der hochverehrtesten B\u00e4ume der keltischen St\u00e4mme, sowohl auf dem Festland als auch auf den Inseln Britanniens und Irlands.<br \/>\nIn ihren Hainen sollen Druiden ihre Rituale gehalten und ihren G\u00f6ttern und G\u00f6ttinnen geopfert haben.<\/p>\n<p>Wir laden Euch ein, Euch im Schatten der Eiche nieder zu lassen, und hier dem Wissen der Eichen-M\u00e4nner und -Frauen zu lauschen, von den G\u00f6ttlichen zu h\u00f6ren und etwas \u00fcber die Riten und Gebr\u00e4uche-damals wie heute- zu lernen.<\/p>\n<p>In dieser Rubrik beleuchten wir Themen rund um die Themen der alten keltischen V\u00f6lker, \u00fcber keltischen Rekonstruktionismus, das alte und neue Druidentum, und die vielen anderen Varienten des keltischen Heidentums.<\/p>\n<hr \/>\n<p>&nbsp;<\/p>\n","protected":false},"excerpt":{"rendered":"<p>Die Eiche, so erz\u00e4hlt man, ist eine der hochverehrtesten B\u00e4ume der keltischen St\u00e4mme, sowohl auf dem Festland als auch auf den Inseln Britanniens und Irlands. In ihren Hainen sollen Druiden ihre Rituale gehalten und ihren G\u00f6ttern und G\u00f6ttinnen geopfert haben. Wir laden Euch ein, Euch im Schatten der Eiche nieder zu lassen, und hier dem &hellip; <a href=\"https:\/\/www.panpagan.com\/forum_neu\/ppwp\/ueber-sicht-im-schatten-der-eiche\/\" class=\"more-link\"><span class=\"screen-reader-text\">\u00dcber-Sicht Im Schatten der Eiche<\/span> weiterlesen <span class=\"meta-nav\">&rarr;<\/span><\/a><\/p>\n","protected":false},"author":1,"featured_media":1015,"parent":0,"menu_order":0,"comment_status":"closed","ping_status":"closed","template":"","meta":{"jetpack_post_was_ever_published":false,"footnotes":""},"class_list":["post-1014","page","type-page","status-publish","has-post-thumbnail","hentry"],"jetpack_sharing_enabled":true,"jetpack_shortlink":"https:\/\/wp.me\/P55jil-gm","jetpack_likes_enabled":true,"jetpack-related-posts":[{"id":1007,"url":"https:\/\/www.panpagan.com\/forum_neu\/ppwp\/ueber-sicht-yggdrasils-stamm\/","url_meta":{"origin":1014,"position":0},"title":"\u00dcber-Sicht Yggdrasils Stamm","author":"admin101","date":"27. M\u00e4rz 2016","format":false,"excerpt":"Der Weltenbraum Yggrasil, mal als Eibe, als Esche oder gar als Eiche gedacht, ist das zentrale Motiv der nordischen Kosmogenie. Er bildet die Verbindung zwischen der Unterwelt, der Welt der Menschen und die Welt der G\u00f6tter. Ist Sitz der kriegerischen Asen und der weisen Vanen. An seinen Wurzeln, findet man\u2026","rel":"","context":"\u00c4hnlicher Beitrag","block_context":{"text":"\u00c4hnlicher Beitrag","link":""},"img":{"alt_text":"","src":"https:\/\/i0.wp.com\/www.panpagan.com\/forum_neu\/ppwp\/wp-content\/uploads\/2016\/03\/NK-077_Eibe_NK_10.jpg?resize=350%2C200&ssl=1","width":350,"height":200,"srcset":"https:\/\/i0.wp.com\/www.panpagan.com\/forum_neu\/ppwp\/wp-content\/uploads\/2016\/03\/NK-077_Eibe_NK_10.jpg?resize=350%2C200&ssl=1 1x, https:\/\/i0.wp.com\/www.panpagan.com\/forum_neu\/ppwp\/wp-content\/uploads\/2016\/03\/NK-077_Eibe_NK_10.jpg?resize=525%2C300&ssl=1 1.5x, https:\/\/i0.wp.com\/www.panpagan.com\/forum_neu\/ppwp\/wp-content\/uploads\/2016\/03\/NK-077_Eibe_NK_10.jpg?resize=700%2C400&ssl=1 2x, https:\/\/i0.wp.com\/www.panpagan.com\/forum_neu\/ppwp\/wp-content\/uploads\/2016\/03\/NK-077_Eibe_NK_10.jpg?resize=1050%2C600&ssl=1 3x, https:\/\/i0.wp.com\/www.panpagan.com\/forum_neu\/ppwp\/wp-content\/uploads\/2016\/03\/NK-077_Eibe_NK_10.jpg?resize=1400%2C800&ssl=1 4x"},"classes":[]},{"id":1000,"url":"https:\/\/www.panpagan.com\/forum_neu\/ppwp\/ueber-sicht-schamanenwelt\/","url_meta":{"origin":1014,"position":1},"title":"\u00dcber-Sicht Schamanenwelt","author":"admin101","date":"27. M\u00e4rz 2016","format":false,"excerpt":"Der oder die Schamane_In ist ein Wanderer zwischen den Welten. Ein_e Reisende_r zwischen der diesseitigen und den jenseitigen Welten, begleitet von anderweltlichen Verb\u00fcndeten, um verschiedenste Aufgaben zu meistern. Der Schamanismus ist eine der \u00e4ltesten und urspr\u00fcnglichsten Formen der Spiritualit\u00e4t und ja, auch der (ganzheitlichen) Heilung, und findet sich in unterschiedlichsten\u2026","rel":"","context":"\u00c4hnlicher Beitrag","block_context":{"text":"\u00c4hnlicher Beitrag","link":""},"img":{"alt_text":"","src":"https:\/\/i0.wp.com\/www.panpagan.com\/forum_neu\/ppwp\/wp-content\/uploads\/2016\/03\/representation-of-the-Tengriist.jpg?resize=350%2C200&ssl=1","width":350,"height":200,"srcset":"https:\/\/i0.wp.com\/www.panpagan.com\/forum_neu\/ppwp\/wp-content\/uploads\/2016\/03\/representation-of-the-Tengriist.jpg?resize=350%2C200&ssl=1 1x, https:\/\/i0.wp.com\/www.panpagan.com\/forum_neu\/ppwp\/wp-content\/uploads\/2016\/03\/representation-of-the-Tengriist.jpg?resize=525%2C300&ssl=1 1.5x"},"classes":[]},{"id":1098,"url":"https:\/\/www.panpagan.com\/forum_neu\/ppwp\/ueber-uns\/autorinnen-und-rubrikenbetreuerinnen-des-blogs\/","url_meta":{"origin":1014,"position":2},"title":"AutorInnen und RubrikenbetreuerInnen des Blogs","author":"Redaktion","date":"22. Januar 2017","format":false,"excerpt":"Hier findet Ihr (kurze) Vorstellung unserer AutorInnen und RubrikenbetreuerInnen. Siat Ich bin seit 2003 im Internet und der heidnischen \"Szene\" unterwegs, und betreibe zusammen mit meinem Mann StarFire das PanPagan-Forum.\u00a0 Vorher war ich eine kurze Weile im Mutterforum Paganforum als Moderatorin aktiv. Ich bin Reiki-Meisterin (Usui-Reiki), und verdiene mein t\u00e4gliches\u2026","rel":"","context":"\u00c4hnlicher Beitrag","block_context":{"text":"\u00c4hnlicher Beitrag","link":""},"img":{"alt_text":"","src":"https:\/\/i0.wp.com\/www.panpagan.com\/forum_neu\/ppwp\/wp-content\/uploads\/2017\/01\/DannyExamen3.jpg?resize=350%2C200&ssl=1","width":350,"height":200,"srcset":"https:\/\/i0.wp.com\/www.panpagan.com\/forum_neu\/ppwp\/wp-content\/uploads\/2017\/01\/DannyExamen3.jpg?resize=350%2C200&ssl=1 1x, https:\/\/i0.wp.com\/www.panpagan.com\/forum_neu\/ppwp\/wp-content\/uploads\/2017\/01\/DannyExamen3.jpg?resize=525%2C300&ssl=1 1.5x, https:\/\/i0.wp.com\/www.panpagan.com\/forum_neu\/ppwp\/wp-content\/uploads\/2017\/01\/DannyExamen3.jpg?resize=700%2C400&ssl=1 2x"},"classes":[]},{"id":448,"url":"https:\/\/www.panpagan.com\/forum_neu\/ppwp\/ueber-sicht-2\/","url_meta":{"origin":1014,"position":3},"title":"\u00dcber-Sicht An den Ufern des Nils","author":"Redaktion","date":"27. Oktober 2014","format":false,"excerpt":"An den Ufern des Nils liegt Kemet, das schwarze Land. So nannten die alten \u00c4gypter ihre Heimat, deren trockene Erde allj\u00e4hrlich von den schlammtragenden Fluten des Nils \u00fcberschwemmt und fruchtbar gemacht wurde. Sie schufen die Grundlage f\u00fcr das Reich der Pharaonen, die die Pyramiden und riesige Tempelanlagen als Heimst\u00e4tte f\u00fcr\u2026","rel":"","context":"\u00c4hnlicher Beitrag","block_context":{"text":"\u00c4hnlicher Beitrag","link":""},"img":{"alt_text":"","src":"https:\/\/i0.wp.com\/www.panpagan.com\/forum_neu\/ppwp\/wp-content\/uploads\/2014\/10\/Ruti.jpg?resize=350%2C200&ssl=1","width":350,"height":200,"srcset":"https:\/\/i0.wp.com\/www.panpagan.com\/forum_neu\/ppwp\/wp-content\/uploads\/2014\/10\/Ruti.jpg?resize=350%2C200&ssl=1 1x, https:\/\/i0.wp.com\/www.panpagan.com\/forum_neu\/ppwp\/wp-content\/uploads\/2014\/10\/Ruti.jpg?resize=525%2C300&ssl=1 1.5x, https:\/\/i0.wp.com\/www.panpagan.com\/forum_neu\/ppwp\/wp-content\/uploads\/2014\/10\/Ruti.jpg?resize=700%2C400&ssl=1 2x"},"classes":[]},{"id":13,"url":"https:\/\/www.panpagan.com\/forum_neu\/ppwp\/impressum-disclaimer\/","url_meta":{"origin":1014,"position":4},"title":"Impressum, Disclaimer &#038; Urheberrecht","author":"PanPagan-Team","date":"20. September 2014","format":false,"excerpt":"\u00a0Verantworlich f\u00fcr diese Seite: Webmaster: Heiko Humbert (StarFire) Admin: Daniela Humbert (Siat) Salzstra\u00dfe 8 D-90763 F\u00fcrth Kontakt: E-Mail-Adresse: kontakt@panpagan.com Telefon: +49 (0) 911 - 745026 PanPagan-Forum Facebook Urheberrecht Die Inhalte dieser Internetpr\u00e4senz sind urheberrechtlich gesch\u00fctzt und d\u00fcrfen nur nach vorheriger R\u00fccksprache per eMail und unter Nennung des entsprechenden Nicks (auch\u2026","rel":"","context":"\u00c4hnlicher Beitrag","block_context":{"text":"\u00c4hnlicher Beitrag","link":""},"img":{"alt_text":"","src":"","width":0,"height":0},"classes":[]},{"id":994,"url":"https:\/\/www.panpagan.com\/forum_neu\/ppwp\/ueber-sicht-tanz-des-gruenen-mannes\/","url_meta":{"origin":1014,"position":5},"title":"\u00dcber-Sicht Tanz des Gr\u00fcnen Mannes","author":"admin101","date":"27. M\u00e4rz 2016","format":false,"excerpt":"Die spirituelle Reise der M\u00e4nner hin zu ihren Mysterien, zu ihrer Magie und ihrer Spiritualit\u00e4t, frei von Vorgaben, Zw\u00e4ngen und Regeln der abrahaminischen Religionen hat grade erst begonnen. Hier findet Ihr Artikel zu den Themen. \u00a0","rel":"","context":"\u00c4hnlicher Beitrag","block_context":{"text":"\u00c4hnlicher Beitrag","link":""},"img":{"alt_text":"","src":"https:\/\/i0.wp.com\/www.panpagan.com\/forum_neu\/ppwp\/wp-content\/uploads\/2016\/03\/100_3674-e1459037329727.jpg?resize=350%2C200&ssl=1","width":350,"height":200,"srcset":"https:\/\/i0.wp.com\/www.panpagan.com\/forum_neu\/ppwp\/wp-content\/uploads\/2016\/03\/100_3674-e1459037329727.jpg?resize=350%2C200&ssl=1 1x, https:\/\/i0.wp.com\/www.panpagan.com\/forum_neu\/ppwp\/wp-content\/uploads\/2016\/03\/100_3674-e1459037329727.jpg?resize=525%2C300&ssl=1 1.5x, https:\/\/i0.wp.com\/www.panpagan.com\/forum_neu\/ppwp\/wp-content\/uploads\/2016\/03\/100_3674-e1459037329727.jpg?resize=700%2C400&ssl=1 2x, https:\/\/i0.wp.com\/www.panpagan.com\/forum_neu\/ppwp\/wp-content\/uploads\/2016\/03\/100_3674-e1459037329727.jpg?resize=1050%2C600&ssl=1 3x, https:\/\/i0.wp.com\/www.panpagan.com\/forum_neu\/ppwp\/wp-content\/uploads\/2016\/03\/100_3674-e1459037329727.jpg?resize=1400%2C800&ssl=1 4x"},"classes":[]}],"_links":{"self":[{"href":"https:\/\/www.panpagan.com\/forum_neu\/ppwp\/wp-json\/wp\/v2\/pages\/1014","targetHints":{"allow":["GET"]}}],"collection":[{"href":"https:\/\/www.panpagan.com\/forum_neu\/ppwp\/wp-json\/wp\/v2\/pages"}],"about":[{"href":"https:\/\/www.panpagan.com\/forum_neu\/ppwp\/wp-json\/wp\/v2\/types\/page"}],"author":[{"embeddable":true,"href":"https:\/\/www.panpagan.com\/forum_neu\/ppwp\/wp-json\/wp\/v2\/users\/1"}],"replies":[{"embeddable":true,"href":"https:\/\/www.panpagan.com\/forum_neu\/ppwp\/wp-json\/wp\/v2\/comments?post=1014"}],"version-history":[{"count":3,"href":"https:\/\/www.panpagan.com\/forum_neu\/ppwp\/wp-json\/wp\/v2\/pages\/1014\/revisions"}],"predecessor-version":[{"id":1018,"href":"https:\/\/www.panpagan.com\/forum_neu\/ppwp\/wp-json\/wp\/v2\/pages\/1014\/revisions\/1018"}],"wp:featuredmedia":[{"embeddable":true,"href":"https:\/\/www.panpagan.com\/forum_neu\/ppwp\/wp-json\/wp\/v2\/media\/1015"}],"wp:attachment":[{"href":"https:\/\/www.panpagan.com\/forum_neu\/ppwp\/wp-json\/wp\/v2\/media?parent=1014"}],"curies":[{"name":"wp","href":"https:\/\/api.w.org\/{rel}","templated":true}]}}