{"id":1000,"date":"2016-03-27T02:36:08","date_gmt":"2016-03-27T00:36:08","guid":{"rendered":"http:\/\/www.panpagan.com\/forum_neu\/ppwp\/?page_id=1000"},"modified":"2016-03-27T02:36:08","modified_gmt":"2016-03-27T00:36:08","slug":"ueber-sicht-schamanenwelt","status":"publish","type":"page","link":"https:\/\/www.panpagan.com\/forum_neu\/ppwp\/ueber-sicht-schamanenwelt\/","title":{"rendered":"\u00dcber-Sicht Schamanenwelt"},"content":{"rendered":"<p>Der oder die Schamane_In ist ein Wanderer zwischen den Welten.<br \/>\nEin_e Reisende_r zwischen der diesseitigen und den jenseitigen Welten, begleitet von anderweltlichen Verb\u00fcndeten, um verschiedenste Aufgaben zu meistern.<br \/>\nDer Schamanismus ist eine der \u00e4ltesten und urspr\u00fcnglichsten Formen der Spiritualit\u00e4t und ja, auch der (ganzheitlichen) Heilung, und findet sich in unterschiedlichsten Auspr\u00e4gungen und Formen auf der gesamten Welt.<br \/>\nNeben dem Schamanismus indigener Kulturen hat sich in den vielen Jahren ein Schamanismus entwickelt, der auf dem Wissen und der Weisheit der vorhandenen Systeme aufbaut und sich jedoch selbstst\u00e4ndig mit jedem Menschen, der sich zum Schamanismus berufen f\u00fchlt, weiter entwickelt.<\/p>\n<p>In dieser Kategorie findet Ihr Themen rund um alten und neuen Schamansmus, \u00fcber Kraftiere, Meisterpflanzen, Schamanisches Reisen und vieles mehr.<\/p>\n<hr \/>\n<p>&nbsp;<\/p>\n","protected":false},"excerpt":{"rendered":"<p>Der oder die Schamane_In ist ein Wanderer zwischen den Welten. Ein_e Reisende_r zwischen der diesseitigen und den jenseitigen Welten, begleitet von anderweltlichen Verb\u00fcndeten, um verschiedenste Aufgaben zu meistern. Der Schamanismus ist eine der \u00e4ltesten und urspr\u00fcnglichsten Formen der Spiritualit\u00e4t und ja, auch der (ganzheitlichen) Heilung, und findet sich in unterschiedlichsten Auspr\u00e4gungen und Formen auf der &hellip; <a href=\"https:\/\/www.panpagan.com\/forum_neu\/ppwp\/ueber-sicht-schamanenwelt\/\" class=\"more-link\"><span class=\"screen-reader-text\">\u00dcber-Sicht Schamanenwelt<\/span> weiterlesen <span class=\"meta-nav\">&rarr;<\/span><\/a><\/p>\n","protected":false},"author":1,"featured_media":1003,"parent":0,"menu_order":0,"comment_status":"closed","ping_status":"closed","template":"","meta":{"jetpack_post_was_ever_published":false,"footnotes":""},"class_list":["post-1000","page","type-page","status-publish","has-post-thumbnail","hentry"],"jetpack_sharing_enabled":true,"jetpack_shortlink":"https:\/\/wp.me\/P55jil-g8","jetpack_likes_enabled":true,"jetpack-related-posts":[{"id":1098,"url":"https:\/\/www.panpagan.com\/forum_neu\/ppwp\/ueber-uns\/autorinnen-und-rubrikenbetreuerinnen-des-blogs\/","url_meta":{"origin":1000,"position":0},"title":"AutorInnen und RubrikenbetreuerInnen des Blogs","author":"Redaktion","date":"22. Januar 2017","format":false,"excerpt":"Hier findet Ihr (kurze) Vorstellung unserer AutorInnen und RubrikenbetreuerInnen. Siat Ich bin seit 2003 im Internet und der heidnischen \"Szene\" unterwegs, und betreibe zusammen mit meinem Mann StarFire das PanPagan-Forum.\u00a0 Vorher war ich eine kurze Weile im Mutterforum Paganforum als Moderatorin aktiv. Ich bin Reiki-Meisterin (Usui-Reiki), und verdiene mein t\u00e4gliches\u2026","rel":"","context":"\u00c4hnlicher Beitrag","block_context":{"text":"\u00c4hnlicher Beitrag","link":""},"img":{"alt_text":"","src":"https:\/\/i0.wp.com\/www.panpagan.com\/forum_neu\/ppwp\/wp-content\/uploads\/2017\/01\/DannyExamen3.jpg?resize=350%2C200&ssl=1","width":350,"height":200,"srcset":"https:\/\/i0.wp.com\/www.panpagan.com\/forum_neu\/ppwp\/wp-content\/uploads\/2017\/01\/DannyExamen3.jpg?resize=350%2C200&ssl=1 1x, https:\/\/i0.wp.com\/www.panpagan.com\/forum_neu\/ppwp\/wp-content\/uploads\/2017\/01\/DannyExamen3.jpg?resize=525%2C300&ssl=1 1.5x, https:\/\/i0.wp.com\/www.panpagan.com\/forum_neu\/ppwp\/wp-content\/uploads\/2017\/01\/DannyExamen3.jpg?resize=700%2C400&ssl=1 2x"},"classes":[]},{"id":15,"url":"https:\/\/www.panpagan.com\/forum_neu\/ppwp\/ueber-uns\/","url_meta":{"origin":1000,"position":1},"title":"\u00dcber uns","author":"PanPagan-Team","date":"20. September 2014","format":false,"excerpt":"Das PanPagan ist eine bunt gemischte Community, in der wir uns vor allen Dingen mit dem Thema (Neu)Heidentum, in allen seinen verschiedenen Facetten, mit seinen bunt gemischten Weltanschauungen, Weltbildern und relig\u00f6s-spirituellen Pfaden, besch\u00e4ftigen Unseren Themenbereiche sind dabei naturgem\u00e4\u00df sehr breit aufgestellt und umfassen neben europ\u00e4ischen Religionen und Weltanschauungen (germanisch, keltisch-druidisch,\u2026","rel":"","context":"\u00c4hnlicher Beitrag","block_context":{"text":"\u00c4hnlicher Beitrag","link":""},"img":{"alt_text":"","src":"","width":0,"height":0},"classes":[]},{"id":48,"url":"https:\/\/www.panpagan.com\/forum_neu\/ppwp\/netzwerk\/","url_meta":{"origin":1000,"position":2},"title":"Netzwerk","author":"PanPagan-Team","date":"21. September 2014","format":false,"excerpt":"Neben den Kontaktm\u00f6glichkeiten im Forum m\u00f6chten wir gerne eine M\u00f6glichkeit anbieten, ein Netzwerk zu kn\u00fcpfen. Was Ihr daf\u00fcr tun m\u00fcsst, ist ganz einfach: Unsere Forenregeln und ANB\u00b4s durchlesen, da diese auch f\u00fcr dieses Blog gelten! Uns eine Nachricht \u00fcber eine der im Impressum erw\u00e4hnten M\u00f6glichkeiten oder \u00fcber Facebook zukommen lassen,\u2026","rel":"","context":"\u00c4hnlicher Beitrag","block_context":{"text":"\u00c4hnlicher Beitrag","link":""},"img":{"alt_text":"","src":"https:\/\/i0.wp.com\/geistertrommel.de\/trommel\/bilder\/geisterrommelhand.jpg?resize=350%2C200","width":350,"height":200},"classes":[]},{"id":1007,"url":"https:\/\/www.panpagan.com\/forum_neu\/ppwp\/ueber-sicht-yggdrasils-stamm\/","url_meta":{"origin":1000,"position":3},"title":"\u00dcber-Sicht Yggdrasils Stamm","author":"admin101","date":"27. M\u00e4rz 2016","format":false,"excerpt":"Der Weltenbraum Yggrasil, mal als Eibe, als Esche oder gar als Eiche gedacht, ist das zentrale Motiv der nordischen Kosmogenie. Er bildet die Verbindung zwischen der Unterwelt, der Welt der Menschen und die Welt der G\u00f6tter. Ist Sitz der kriegerischen Asen und der weisen Vanen. An seinen Wurzeln, findet man\u2026","rel":"","context":"\u00c4hnlicher Beitrag","block_context":{"text":"\u00c4hnlicher Beitrag","link":""},"img":{"alt_text":"","src":"https:\/\/i0.wp.com\/www.panpagan.com\/forum_neu\/ppwp\/wp-content\/uploads\/2016\/03\/NK-077_Eibe_NK_10.jpg?resize=350%2C200&ssl=1","width":350,"height":200,"srcset":"https:\/\/i0.wp.com\/www.panpagan.com\/forum_neu\/ppwp\/wp-content\/uploads\/2016\/03\/NK-077_Eibe_NK_10.jpg?resize=350%2C200&ssl=1 1x, https:\/\/i0.wp.com\/www.panpagan.com\/forum_neu\/ppwp\/wp-content\/uploads\/2016\/03\/NK-077_Eibe_NK_10.jpg?resize=525%2C300&ssl=1 1.5x, https:\/\/i0.wp.com\/www.panpagan.com\/forum_neu\/ppwp\/wp-content\/uploads\/2016\/03\/NK-077_Eibe_NK_10.jpg?resize=700%2C400&ssl=1 2x, https:\/\/i0.wp.com\/www.panpagan.com\/forum_neu\/ppwp\/wp-content\/uploads\/2016\/03\/NK-077_Eibe_NK_10.jpg?resize=1050%2C600&ssl=1 3x, https:\/\/i0.wp.com\/www.panpagan.com\/forum_neu\/ppwp\/wp-content\/uploads\/2016\/03\/NK-077_Eibe_NK_10.jpg?resize=1400%2C800&ssl=1 4x"},"classes":[]},{"id":1022,"url":"https:\/\/www.panpagan.com\/forum_neu\/ppwp\/ueber-sicht-am-anfang\/","url_meta":{"origin":1000,"position":4},"title":"\u00dcber-Sicht Am Anfang","author":"admin101","date":"27. M\u00e4rz 2016","format":false,"excerpt":"\"Jede Reise beginnt mit einem ersten Schritt\" hei\u00dft ein Sprichwort. So ist es auch f\u00fcr Interssierte und f\u00fcr Suchende im sprituell-magisch-religi\u00f6sen Bereich. Und ebenso kann jeder Anfang sich als schwierig erweisen. Besonders, wenn einem die schiere F\u00fclle von Informationen zu \u00fcberfluten und zu erschlagen droht. Worauf muss ich achten, wenn\u2026","rel":"","context":"\u00c4hnlicher Beitrag","block_context":{"text":"\u00c4hnlicher Beitrag","link":""},"img":{"alt_text":"","src":"","width":0,"height":0},"classes":[]},{"id":1014,"url":"https:\/\/www.panpagan.com\/forum_neu\/ppwp\/ueber-sicht-im-schatten-der-eiche\/","url_meta":{"origin":1000,"position":5},"title":"\u00dcber-Sicht Im Schatten der Eiche","author":"admin101","date":"27. M\u00e4rz 2016","format":false,"excerpt":"Die Eiche, so erz\u00e4hlt man, ist eine der hochverehrtesten B\u00e4ume der keltischen St\u00e4mme, sowohl auf dem Festland als auch auf den Inseln Britanniens und Irlands. In ihren Hainen sollen Druiden ihre Rituale gehalten und ihren G\u00f6ttern und G\u00f6ttinnen geopfert haben. Wir laden Euch ein, Euch im Schatten der Eiche nieder\u2026","rel":"","context":"\u00c4hnlicher Beitrag","block_context":{"text":"\u00c4hnlicher Beitrag","link":""},"img":{"alt_text":"","src":"https:\/\/i0.wp.com\/www.panpagan.com\/forum_neu\/ppwp\/wp-content\/uploads\/2016\/03\/100_7174-e1459079214642.jpg?resize=350%2C200&ssl=1","width":350,"height":200,"srcset":"https:\/\/i0.wp.com\/www.panpagan.com\/forum_neu\/ppwp\/wp-content\/uploads\/2016\/03\/100_7174-e1459079214642.jpg?resize=350%2C200&ssl=1 1x, https:\/\/i0.wp.com\/www.panpagan.com\/forum_neu\/ppwp\/wp-content\/uploads\/2016\/03\/100_7174-e1459079214642.jpg?resize=525%2C300&ssl=1 1.5x, https:\/\/i0.wp.com\/www.panpagan.com\/forum_neu\/ppwp\/wp-content\/uploads\/2016\/03\/100_7174-e1459079214642.jpg?resize=700%2C400&ssl=1 2x, https:\/\/i0.wp.com\/www.panpagan.com\/forum_neu\/ppwp\/wp-content\/uploads\/2016\/03\/100_7174-e1459079214642.jpg?resize=1050%2C600&ssl=1 3x, https:\/\/i0.wp.com\/www.panpagan.com\/forum_neu\/ppwp\/wp-content\/uploads\/2016\/03\/100_7174-e1459079214642.jpg?resize=1400%2C800&ssl=1 4x"},"classes":[]}],"_links":{"self":[{"href":"https:\/\/www.panpagan.com\/forum_neu\/ppwp\/wp-json\/wp\/v2\/pages\/1000","targetHints":{"allow":["GET"]}}],"collection":[{"href":"https:\/\/www.panpagan.com\/forum_neu\/ppwp\/wp-json\/wp\/v2\/pages"}],"about":[{"href":"https:\/\/www.panpagan.com\/forum_neu\/ppwp\/wp-json\/wp\/v2\/types\/page"}],"author":[{"embeddable":true,"href":"https:\/\/www.panpagan.com\/forum_neu\/ppwp\/wp-json\/wp\/v2\/users\/1"}],"replies":[{"embeddable":true,"href":"https:\/\/www.panpagan.com\/forum_neu\/ppwp\/wp-json\/wp\/v2\/comments?post=1000"}],"version-history":[{"count":3,"href":"https:\/\/www.panpagan.com\/forum_neu\/ppwp\/wp-json\/wp\/v2\/pages\/1000\/revisions"}],"predecessor-version":[{"id":1005,"href":"https:\/\/www.panpagan.com\/forum_neu\/ppwp\/wp-json\/wp\/v2\/pages\/1000\/revisions\/1005"}],"wp:featuredmedia":[{"embeddable":true,"href":"https:\/\/www.panpagan.com\/forum_neu\/ppwp\/wp-json\/wp\/v2\/media\/1003"}],"wp:attachment":[{"href":"https:\/\/www.panpagan.com\/forum_neu\/ppwp\/wp-json\/wp\/v2\/media?parent=1000"}],"curies":[{"name":"wp","href":"https:\/\/api.w.org\/{rel}","templated":true}]}}